{"id":108,"date":"2009-11-03T20:23:05","date_gmt":"2009-11-03T18:23:05","guid":{"rendered":"http:\/\/vpmedias.fr\/?page_id=108"},"modified":"2018-01-03T17:37:32","modified_gmt":"2018-01-03T16:37:32","slug":"vpmedias-et-vous","status":"publish","type":"page","link":"https:\/\/vpmedias.fr\/?page_id=108","title":{"rendered":"VPM\u00e9dias &amp; Vous"},"content":{"rendered":"<p style=\"text-align: justify;\"><strong>VPM\u00e9dias<\/strong> est un site ind\u00e9pendant de VotezPourMoi qui se veut le portail d&rsquo;information pour tous les joueurs. L&rsquo;actualit\u00e9 est couverte au travers de trois m\u00e9dias, auxquels s&rsquo;ajoutent une biblioth\u00e8que d&rsquo;archives :<\/p>\n<ul>\n<li><strong>VPMinformation<\/strong> traite l&rsquo;actualit\u00e9 du gameplay et des campagnes.<\/li>\n<li><strong>VPMcommunaut\u00e9<\/strong> couvre l&rsquo;actualit\u00e9 communautaire. Il s&rsquo;agit des initiatives des joueurs, des \u00e9v\u00e9nements et des animations dont les \u00e9lections pr\u00e9sidentielles.<\/li>\n<li><strong>La Tribune Libre<\/strong> est une colonne ouverte \u00e0 tous. Chacun peut s&rsquo;y exprimer en toute libert\u00e9 en y postant un article.<\/li>\n<li><strong>Les archives de VPM<\/strong> sont les articles des anciens m\u00e9dias du jeu : Le VPM News, Le Pilote, Kronik, le Cohu-Bohu, VPM Radio etc.<\/li>\n<\/ul>\n<p style=\"text-align: justify;\"><strong>Nos missions<\/strong> : couvrir dans sa diversit\u00e9 l&rsquo;actualit\u00e9 du jeu et des joueurs d&rsquo;un regard \u00e0 la fois large et pr\u00e9cis. Proposer du contenu et des articles de qualit\u00e9 qui soient un support de base \u00e0 l&rsquo;animation des campagnes, l&rsquo;effervescence des partis, la vie de la communaut\u00e9 et l&rsquo;int\u00e9gration des jeunes. Archiver les contenus majeurs, pour mettre en valeur l&rsquo;implication et le m\u00e9rite.<\/p>\n<p style=\"text-align: justify;\"><strong>Notre vision<\/strong> : Nous voulons que tout joueur \u00e0 la recherche d&rsquo;une exp\u00e9rience plus \u00e9tendue que les pages habituelles de VPM puisse la trouver sur VPM\u00e9dias, et puisse s&rsquo;y r\u00e9aliser en tant que joueur et individu.<\/p>\n<p style=\"text-align: justify;\"><strong>En chiffres<\/strong> : Un site en place depuis 2009, et les archives de la communaut\u00e9 conserv\u00e9es avec amour depuis 2007. Plus de 2800 articles publi\u00e9s, dont plus de 500 envoy\u00e9s par les VPMiens sur la Tribune Libre.<\/p>\n<div class=\"bouton\">\n<p style=\"text-align: center;\"><a href=\"http:\/\/wiki.vpmedias.fr\/Votre_Portail_M%C3%A9dias\">L&rsquo;histoire de VPM\u00e9dias sur WikiVPM<\/a><\/p>\n<\/div>\n<p style=\"text-align: justify;\"><strong>Les journalistes et les r\u00e9dacteurs-en-chef<\/strong> sont aussi des joueurs sur le jeu, tous b\u00e9n\u00e9voles et volontaires. Ils se sont engag\u00e9s \u00e0 respecter la Charte des Journalistes, qui leur demande de faire preuve d&rsquo;objectivit\u00e9 et de respect dans leurs articles sur VPMinformation ou VPMcommunaut\u00e9. Ils peuvent \u00e9galement publier plus librement en dehors de ces r\u00e8gles dans la Tribune Libre. Vous pouvez aider VPM\u00e9dias \u00e0 s&rsquo;am\u00e9liorer <a href=\"http:\/\/vpmedias.fr\/?page_id=8514\" target=\"_blank\" rel=\"noopener noreferrer\">en les rejoignant et en devenant journaliste<\/a> !<\/p>\n<p><strong>Contact<\/strong><br \/>\nN&rsquo;h\u00e9sitez pas \u00e0 contacter <a href=\"http:\/\/vpmedias.fr\/?page_id=130\" target=\"_blank\" rel=\"noopener noreferrer\">l&rsquo;\u00e9quipe<\/a> par MP ou via le <a href=\"http:\/\/vpmedias.fr\/?page_id=132\">formulaire de contact<\/a>.<\/p>\n","protected":false},"excerpt":{"rendered":"<p>VPM\u00e9dias est un site ind\u00e9pendant de VotezPourMoi qui se veut le portail d&rsquo;information pour tous les joueurs. L&rsquo;actualit\u00e9 est couverte au travers de trois m\u00e9dias, auxquels s&rsquo;ajoutent une biblioth\u00e8que d&rsquo;archives : VPMinformation traite l&rsquo;actualit\u00e9 du gameplay et des campagnes. VPMcommunaut\u00e9 couvre l&rsquo;actualit\u00e9 communautaire. Il s&rsquo;agit des initiatives des joueurs, des \u00e9v\u00e9nements et des animations dont [&hellip;]<\/p>\n","protected":false},"author":2,"featured_media":0,"parent":0,"menu_order":0,"comment_status":"open","ping_status":"closed","template":"template-fullwidth.php","meta":{"site-container-style":"default","site-container-layout":"default","site-sidebar-layout":"default","disable-article-header":"default","disable-site-header":"default","disable-site-footer":"default","disable-content-area-spacing":"default","footnotes":""},"class_list":["post-108","page","type-page","status-publish","hentry"],"_links":{"self":[{"href":"https:\/\/vpmedias.fr\/index.php?rest_route=\/wp\/v2\/pages\/108","targetHints":{"allow":["GET"]}}],"collection":[{"href":"https:\/\/vpmedias.fr\/index.php?rest_route=\/wp\/v2\/pages"}],"about":[{"href":"https:\/\/vpmedias.fr\/index.php?rest_route=\/wp\/v2\/types\/page"}],"author":[{"embeddable":true,"href":"https:\/\/vpmedias.fr\/index.php?rest_route=\/wp\/v2\/users\/2"}],"replies":[{"embeddable":true,"href":"https:\/\/vpmedias.fr\/index.php?rest_route=%2Fwp%2Fv2%2Fcomments&post=108"}],"version-history":[{"count":14,"href":"https:\/\/vpmedias.fr\/index.php?rest_route=\/wp\/v2\/pages\/108\/revisions"}],"predecessor-version":[{"id":37335,"href":"https:\/\/vpmedias.fr\/index.php?rest_route=\/wp\/v2\/pages\/108\/revisions\/37335"}],"wp:attachment":[{"href":"https:\/\/vpmedias.fr\/index.php?rest_route=%2Fwp%2Fv2%2Fmedia&parent=108"}],"curies":[{"name":"wp","href":"https:\/\/api.w.org\/{rel}","templated":true}]}}