{"id":110,"date":"2009-11-03T20:25:40","date_gmt":"2009-11-03T18:25:40","guid":{"rendered":"http:\/\/vpmedias.fr\/?page_id=110"},"modified":"2018-08-13T15:07:50","modified_gmt":"2018-08-13T13:07:50","slug":"la-tribune-libre","status":"publish","type":"page","link":"https:\/\/vpmedias.fr\/?page_id=110","title":{"rendered":"La Tribune Libre"},"content":{"rendered":"<p><center><img decoding=\"async\" style=\"border: none;\" src=\"https:\/\/vpmedias.fr\/images\/logos\/tribunelibre-texte.png\" alt=\"\" \/><\/center><\/p>\n<p style=\"text-align: justify;\">Avec <a title=\"La Tribune Libre\" href=\"https:\/\/tribune.vpmedias.fr\" target=\"_self\"><strong>La Tribune Libre de VPM<\/strong><\/a>, c&rsquo;est <strong>vous<\/strong> qui faites vivre l&rsquo;actualit\u00e9.<\/p>\n<p style=\"text-align: justify;\"><strong>Ouvertement ou anonymement<\/strong>, vous pouvez librement <strong>\u00e9crire une contribution<\/strong>, un <strong>argumentaire<\/strong>,<strong> r\u00e9agir<\/strong>, <strong>participer<\/strong> \u00e0 un d\u00e9bat, <strong>vous d\u00e9fendre<\/strong>, ou tout simplement <strong>vous amuser<\/strong>, et votre article sera publi\u00e9* sur VPM\u00e9dias.<\/p>\n<p style=\"text-align: justify;\">Que vous souhaitiez tenir une chronique hebdomadaire de 12 pages sur l&rsquo;\u00e9volution des scores \u00e0 Saint-Junien, simplement faire part ponctuellement d&rsquo;un avis que vous tenez \u00e0 exprimer, ou soumettre anonymement une information qui m\u00e9riterait d&rsquo;\u00eatre trait\u00e9e, VPM\u00e9dias vous publie, sur la page d&rsquo;accueil, sans censure. <strong>N&rsquo;h\u00e9sitez pas !<\/strong><\/p>\n<hr \/>\n<p>[user-submitted-posts]<\/p>\n<blockquote style=\"background: white;\">\n<p style=\"text-align: center;\"><img loading=\"lazy\" decoding=\"async\" class=\"aligncenter\" src=\"https:\/\/vpmedias.fr\/wp-content\/uploads\/2009\/11\/icone-24-heures.png\" alt=\"\" width=\"38\" height=\"38\" \/>Nous nous engageons \u00e0 traiter votre article dans les 24 heures<\/p>\n<\/blockquote>\n<blockquote style=\"background: white;\">\n<p style=\"text-align: center;\"><img loading=\"lazy\" decoding=\"async\" class=\"aligncenter  wp-image-39362\" src=\"https:\/\/vpmedias.fr\/wp-content\/uploads\/2009\/11\/icone-attention.png\" alt=\"\" width=\"35\" height=\"35\" srcset=\"https:\/\/vpmedias.fr\/wp-content\/uploads\/2009\/11\/icone-attention.png 256w, https:\/\/vpmedias.fr\/wp-content\/uploads\/2009\/11\/icone-attention-150x150.png 150w, https:\/\/vpmedias.fr\/wp-content\/uploads\/2009\/11\/icone-attention-144x144.png 144w\" sizes=\"auto, (max-width: 35px) 100vw, 35px\" \/>Effectuez toujours une sauvegarde de votre article avant de cliquer sur <em>Envoyer<\/em><\/p>\n<\/blockquote>\n<p style=\"text-align: justify;\"><small><strong>R\u00e8glement<\/strong> : pour \u00eatre utilis\u00e9, le contenu d&rsquo;un article doit \u00eatre respectueux des <a href=\"\/?page_id=5197\"><span style=\"color: #000000;\">Conditions G\u00e9n\u00e9rales d&rsquo;Utilisation<\/span><\/a> et faire preuve d&rsquo;une valeur ajout\u00e9e qu&rsquo;\u00e9valuent Administrateurs et R\u00e9dacteurs en chef ; pour \u00eatre publi\u00e9, il doit comporter de pr\u00e9f\u00e9rence plus de 1000 caract\u00e8res.<\/small><\/p>\n","protected":false},"excerpt":{"rendered":"<p>Avec La Tribune Libre de VPM, c&rsquo;est vous qui faites vivre l&rsquo;actualit\u00e9. Ouvertement ou anonymement, vous pouvez librement \u00e9crire une contribution, un argumentaire, r\u00e9agir, participer \u00e0 un d\u00e9bat, vous d\u00e9fendre, ou tout simplement vous amuser, et votre article sera publi\u00e9* sur VPM\u00e9dias. Que vous souhaitiez tenir une chronique hebdomadaire de 12 pages sur l&rsquo;\u00e9volution des [&hellip;]<\/p>\n","protected":false},"author":2,"featured_media":0,"parent":0,"menu_order":30,"comment_status":"closed","ping_status":"closed","template":"template-fullwidth.php","meta":{"site-container-style":"default","site-container-layout":"default","site-sidebar-layout":"default","disable-article-header":"default","disable-site-header":"default","disable-site-footer":"default","disable-content-area-spacing":"default","footnotes":""},"class_list":["post-110","page","type-page","status-publish","hentry"],"_links":{"self":[{"href":"https:\/\/vpmedias.fr\/index.php?rest_route=\/wp\/v2\/pages\/110","targetHints":{"allow":["GET"]}}],"collection":[{"href":"https:\/\/vpmedias.fr\/index.php?rest_route=\/wp\/v2\/pages"}],"about":[{"href":"https:\/\/vpmedias.fr\/index.php?rest_route=\/wp\/v2\/types\/page"}],"author":[{"embeddable":true,"href":"https:\/\/vpmedias.fr\/index.php?rest_route=\/wp\/v2\/users\/2"}],"replies":[{"embeddable":true,"href":"https:\/\/vpmedias.fr\/index.php?rest_route=%2Fwp%2Fv2%2Fcomments&post=110"}],"version-history":[{"count":28,"href":"https:\/\/vpmedias.fr\/index.php?rest_route=\/wp\/v2\/pages\/110\/revisions"}],"predecessor-version":[{"id":39363,"href":"https:\/\/vpmedias.fr\/index.php?rest_route=\/wp\/v2\/pages\/110\/revisions\/39363"}],"wp:attachment":[{"href":"https:\/\/vpmedias.fr\/index.php?rest_route=%2Fwp%2Fv2%2Fmedia&parent=110"}],"curies":[{"name":"wp","href":"https:\/\/api.w.org\/{rel}","templated":true}]}}