{"id":114,"date":"2009-11-03T20:27:22","date_gmt":"2009-11-03T18:27:22","guid":{"rendered":"http:\/\/vpmedias.fr\/?page_id=114"},"modified":"2018-06-28T20:45:06","modified_gmt":"2018-06-28T18:45:06","slug":"archives","status":"publish","type":"page","link":"https:\/\/vpmedias.fr\/?page_id=114","title":{"rendered":"Accueil des archives"},"content":{"rendered":"<p style=\"text-align: center;\"><span style=\"color: #ff9900;\"><strong>Page en cours de r\u00e9alisation<\/strong><\/span><\/p>\n<p style=\"text-align: justify;\"><em>Les archives de VPM\u00e9dias conservent les articles \u00e9crits sur diff\u00e9rents sites <strong>depuis 2007.<\/strong> L&rsquo;une des raisons qui a pouss\u00e9 \u00e0 la cr\u00e9ation de VPM\u00e9dias, c&rsquo;\u00e9tait qu&rsquo;en r\u00e9unissant sur une m\u00eame plateforme tous les contenus habituellement \u00e9parpill\u00e9s, la recherche, la consultation de l&rsquo;histoire du jeu, et la classification seraient consid\u00e9rablement simplifi\u00e9s \u00e0 l&rsquo;avenir. A ce fonds s&rsquo;ajoutent bien s\u00fbr les articles \u00e9crits directement sur VPM\u00e9dias depuis 2009.<br \/>\n<\/em><\/p>\n<p>&nbsp;<\/p>\n<h2>Liste des m\u00e9dias archiv\u00e9s<\/h2>\n<ul>\n<li>VPMinformation<\/li>\n<\/ul>\n<p>&nbsp;<\/p>\n<ul>\n<li>VPMcommunaut\u00e9<\/li>\n<\/ul>\n<p>&nbsp;<\/p>\n<ul>\n<li>La Tribune Libre<\/li>\n<\/ul>\n<p>&nbsp;<\/p>\n<ul>\n<li>VPMradio<\/li>\n<\/ul>\n<p>&nbsp;<\/p>\n<ul>\n<li>Les Br\u00e8ves<\/li>\n<\/ul>\n<p>&nbsp;<\/p>\n<ul>\n<li>VPM FM<\/li>\n<\/ul>\n<p>&nbsp;<\/p>\n<p><a href=\"https:\/\/wiki.vpmedias.fr\/Votre_Portail_M%C3%A9dias#M.C3.A9dias_archiv.C3.A9s\">Page WikiVPM sur les anciens m\u00e9dias de VPM\u00e9dias<\/a><\/p>\n<h2 style=\"text-align: justify;\"><\/h2>\n<p>&nbsp;<\/p>\n<ul style=\"text-align: justify;\">\n<li><strong><a href=\"\/?page_id=857\">VPM News<\/a> <\/strong>(2007 et 2008 &#8211; \u00a046 num\u00e9ros sur 49, et totalit\u00e9 de la seconde version)<\/li>\n<\/ul>\n<p>Le Votez Pour Mes News, abr\u00e9g\u00e9 <strong class=\"selflink\">VPM News<\/strong>, fut le premier journal de VPM, en activit\u00e9 de d\u00e9cembre 2007 \u00e0 octobre 2008. C&rsquo;est un traitement s\u00e9rieux de l&rsquo;actualit\u00e9 du jeu, des campagnes, avec des classements et des analyses.<\/p>\n<p><a href=\"https:\/\/wiki.vpmedias.fr\/VPM_News\">Page WikiVPM<\/a><\/p>\n<p>&nbsp;<\/p>\n<ul style=\"text-align: justify;\">\n<li><strong><a href=\"\/?cat=287\">Kronik<\/a> <\/strong>(2008 et 2009 &#8211; une partie des articles)<\/li>\n<\/ul>\n<p>Kronik, aussi connu et pr\u00e9sent\u00e9 sous son ancien nom de VPM&rsquo;s Radio, est un ancien m\u00e9dia en activit\u00e9 d&rsquo;avril 2008 \u00e0 mars 2009, r\u00e9put\u00e9 pour son actualit\u00e9 people avec de nombreux interviews de personnalit\u00e9s et de pr\u00e9sidents, et des fictions people.<\/p>\n<p><a href=\"https:\/\/wiki.vpmedias.fr\/Kronik\">Page WikiVPM<\/a><\/p>\n<p>&nbsp;<\/p>\n<ul style=\"text-align: justify;\">\n<li><strong><a href=\"\/?cat=304\">Pilote<\/a> <\/strong>(2008 et 2009 &#8211; totalit\u00e9 des articles)<\/li>\n<\/ul>\n<p>Le Pilote au thon mastique, souvent abr\u00e9g\u00e9 <i>Le Pilote<\/i>, est un ancien m\u00e9dia externe de VPM fond\u00e9 par Thibautix, Seafra et MrBanana en juin 2008. C&rsquo;est sur ce m\u00e9dia que sont fond\u00e9s <i>la Tribune Libre<\/i> et la rubrique du <i>Classement National<\/i>. <a href=\"https:\/\/wiki.vpmedias.fr\/Le_Pilote\">Page WikiVPM<\/a><\/p>\n<p>&nbsp;<\/p>\n<ul style=\"text-align: justify;\">\n<li><strong><a href=\"\/?cat=264\">Cohu-Bohu<\/a> <\/strong>(de 2009 \u00e0 2011 &#8211; s\u00e9lection des articles les plus pertinents)<\/li>\n<\/ul>\n<p>Le Cohu-Bohu est un ancien m\u00e9dia d\u00e9velopp\u00e9 par l&rsquo;admin inclus dans VPM de mai 2009 \u00e0 juin 2011. Il prenait la forme d&rsquo;une pleine page avec les derniers articles publi\u00e9s, les joueurs avaient la possibilit\u00e9 d&rsquo;y \u00e9crire des articles. <a href=\"https:\/\/wiki.vpmedias.fr\/Cohu-Bohu\">Page WikiVPM<\/a><\/p>\n<p>&nbsp;<\/p>\n<p>&nbsp;<\/p>\n<ul style=\"text-align: justify;\">\n<li><strong><a href=\"\/?cat=310\">VPM-FM<\/a><\/strong> (2009 &#8211; totalit\u00e9 des \u00e9missions)<\/li>\n<\/ul>\n<p>VPM-FM est un m\u00e9dia sonore cr\u00e9\u00e9 par Ouicmoi en 2009, et proposait de mani\u00e8re hebdomadaire des \u00e9missions long format \u00e0 \u00e9couter.<\/p>\n<p>&nbsp;<\/p>\n<p>&nbsp;<\/p>\n<h2>Navigation dans les archives<\/h2>\n","protected":false},"excerpt":{"rendered":"<p>Page en cours de r\u00e9alisation Les archives de VPM\u00e9dias conservent les articles \u00e9crits sur diff\u00e9rents sites depuis 2007. L&rsquo;une des raisons qui a pouss\u00e9 \u00e0 la cr\u00e9ation de VPM\u00e9dias, c&rsquo;\u00e9tait qu&rsquo;en r\u00e9unissant sur une m\u00eame plateforme tous les contenus habituellement \u00e9parpill\u00e9s, la recherche, la consultation de l&rsquo;histoire du jeu, et la classification seraient consid\u00e9rablement simplifi\u00e9s [&hellip;]<\/p>\n","protected":false},"author":2,"featured_media":0,"parent":0,"menu_order":40,"comment_status":"open","ping_status":"open","template":"archives.php","meta":{"site-container-style":"default","site-container-layout":"default","site-sidebar-layout":"default","disable-article-header":"default","disable-site-header":"default","disable-site-footer":"default","disable-content-area-spacing":"default","footnotes":""},"class_list":["post-114","page","type-page","status-publish","hentry"],"_links":{"self":[{"href":"https:\/\/vpmedias.fr\/index.php?rest_route=\/wp\/v2\/pages\/114","targetHints":{"allow":["GET"]}}],"collection":[{"href":"https:\/\/vpmedias.fr\/index.php?rest_route=\/wp\/v2\/pages"}],"about":[{"href":"https:\/\/vpmedias.fr\/index.php?rest_route=\/wp\/v2\/types\/page"}],"author":[{"embeddable":true,"href":"https:\/\/vpmedias.fr\/index.php?rest_route=\/wp\/v2\/users\/2"}],"replies":[{"embeddable":true,"href":"https:\/\/vpmedias.fr\/index.php?rest_route=%2Fwp%2Fv2%2Fcomments&post=114"}],"version-history":[{"count":11,"href":"https:\/\/vpmedias.fr\/index.php?rest_route=\/wp\/v2\/pages\/114\/revisions"}],"predecessor-version":[{"id":38449,"href":"https:\/\/vpmedias.fr\/index.php?rest_route=\/wp\/v2\/pages\/114\/revisions\/38449"}],"wp:attachment":[{"href":"https:\/\/vpmedias.fr\/index.php?rest_route=%2Fwp%2Fv2%2Fmedia&parent=114"}],"curies":[{"name":"wp","href":"https:\/\/api.w.org\/{rel}","templated":true}]}}