{"id":127,"date":"2009-11-03T20:43:59","date_gmt":"2009-11-03T18:43:59","guid":{"rendered":"http:\/\/vpmedias.fr\/?page_id=127"},"modified":"2012-07-11T14:56:27","modified_gmt":"2012-07-11T12:56:27","slug":"carnet-dadresses","status":"publish","type":"page","link":"https:\/\/vpmedias.fr\/?page_id=127","title":{"rendered":"Le Carnet d&rsquo;adresses"},"content":{"rendered":"<div class=\"entry\">\n<p style=\"text-align: justify;\">Retrouvez ici les sites externes relatifs \u00e0 VPM, qu\u2019ils soient encore actifs ou qu\u2019ils se soient \u00e9teints, qu\u2019ils aient eu du succ\u00e8s ou qu\u2019ils soient morts-n\u00e9s.<\/p>\n<p style=\"text-align: center;\"><a href=\"http:\/\/votezpourmoi.com\"><span style=\"color: #ff00ff; font-size: 150%;\"><strong>VotezPourMoi.com<\/strong><\/span><\/a><\/p>\n<hr \/>\n<h2 style=\"text-align: justify;\">Les m\u00e9dias sur Votre Portail M\u00e9dias<\/h2>\n<ul>\n<li><a href=\"http:\/\/information.VPMedias.fr\"><span style=\"color: #800000;\"><strong>VPMinformation<\/strong><\/span><\/a><\/li>\n<li><a href=\"http:\/\/communaute.VPMedias.fr\"><span style=\"color: #800000;\"><strong>VPMcommunaut\u00e9<\/strong><\/span><\/a><\/li>\n<li><a href=\"http:\/\/communaute.VPMedias.fr\"><span style=\"color: #800000;\"><strong>VPMradio<\/strong><\/span><\/a><\/li>\n<li><a href=\"http:\/\/breves.VPMedias.fr\"><span style=\"color: #800000;\"><strong>Les br\u00e8ves<\/strong><\/span><\/a><\/li>\n<li><a href=\"http:\/\/VPMedias.fr\/?cat=302\"><span style=\"color: #800000;\"><strong>La Tribune Libre<\/strong><\/span><\/a><\/li>\n<\/ul>\n<h2>Les portails &amp; forums consacr\u00e9s \u00e0 VPM<\/h2>\n<ul>\n<li><a href=\"http:\/\/canard.VPMedias.fr\/\"><span style=\"color: #3f9a16;\"><strong>Le Canard D\u00e9cha\u00een\u00e9<\/strong><\/span><\/a><\/li>\n<\/ul>\n<h2>Les forums inactifs<\/h2>\n<ul>\n<li><a href=\"http:\/\/vpmnews.forumactif.com\/\"><span style=\"color: #5f657f;\"><strong>VPM News<\/strong><\/span><\/a><\/li>\n<li><a href=\"http:\/\/forumdefous.c.la\"><span style=\"color: #5f657f;\"><strong>Le Forum de Fous<\/strong><\/span><\/a><span style=\"color: #5f657f;\"><strong> (ex-Dragons Mystiques)<\/strong><\/span><\/li>\n<li><a href=\"http:\/\/mvtdeselephants.discutforum.com\/\"><span style=\"color: #5f657f;\"><strong>L\u2019Amicale des Pachydermes Unis<\/strong><\/span><\/a><span style=\"color: #5f657f;\"><strong> (ex-Mouvement des \u00c9l\u00e9phants)<\/strong><\/span><\/li>\n<li><a href=\"http:\/\/uniondesgeant.forumchti.com\/\"><span style=\"color: #5f657f;\"><strong>Union des G\u00e9ants<\/strong><\/span><\/a><\/li>\n<li><a href=\"http:\/\/lescatseyes.niceboard.com\/\"><span style=\"color: #5f657f;\"><strong>Cat\u2019s Eyes<\/strong><\/span><\/a><\/li>\n<li><a href=\"http:\/\/partidepoker.forumpro.fr\/\"><span style=\"color: #5f657f;\"><strong>Le Parti de Poker<\/strong><\/span><\/a><\/li>\n<li><a href=\"http:\/\/vpm-times.forumchti.com\/\"><span style=\"color: #5f657f;\"><strong>VPM&rsquo;s Times<\/strong><\/span><\/a><\/li>\n<li><a href=\"http:\/\/uniondp.bbfr.net\/\"><span style=\"color: #5f657f;\"><strong>Union D\u00e9magogique Politicienne<\/strong><\/span><\/a><\/li>\n<li><a href=\"http:\/\/licorne.nice-forums.net\/\"><span style=\"color: #5f657f;\"><strong>Licorne C\u00e9leste<\/strong><\/span><\/a><\/li>\n<li><a href=\"http:\/\/partirapier.forumsactifs.com\/\"><span style=\"color: #5f657f;\"><strong>Parti Rapier<\/strong><\/span><\/a><\/li>\n<li><a href=\"http:\/\/leslive.forumparfait.com\/\"><span style=\"color: #5f657f;\"><strong>Parti en Live<\/strong><\/span><\/a><\/li>\n<li><a href=\"http:\/\/thepoliticalfactory.forumpro.fr\/\"><span style=\"color: #5f657f;\"><strong>The Political Factory<\/strong><\/span><\/a><\/li>\n<li><a href=\"http:\/\/egalitedeschances.bestgamesforum.com\/\"><span style=\"color: #5f657f;\"><strong>Parti de l\u2019\u00e9galit\u00e9 des chances<\/strong><\/span><\/a><\/li>\n<li><a href=\"http:\/\/fan2vpm.xooit.com\/index.php\" target=\"_blank\"><span style=\"color: #5f657f;\"><strong>Forum Fan2Vpm<\/strong><\/span><\/a><\/li>\n<li><a href=\"http:\/\/cohubohu-vpm.eurodiscussion.net\/\" target=\"_blank\"><span style=\"color: #5f657f;\"><strong>Archive du Cohu Bohu<\/strong><\/span><\/a><\/li>\n<li><a href=\"http:\/\/partizan.nice-boards.net\/\" target=\"_blank\"><span style=\"color: #5f657f;\"><strong>Parti-Zan<\/strong><\/span><\/a><\/li>\n<li><a href=\"http:\/\/www.extremesfeignants.c.la\/\" target=\"_blank\"><span style=\"color: #5f657f;\"><strong>Extr\u00eames-Feignants<\/strong><\/span><\/a><\/li>\n<\/ul>\n<h2>Les m\u00e9dias inactifs<\/h2>\n<ul>\n<li><a href=\"http:\/\/vpmnews.ovh.org\/\"><strong>VPM News<\/strong><\/a><\/li>\n<li><a href=\"http:\/\/radio-vpm.fr.gd\/\"><strong>Kronik<\/strong><\/a><\/li>\n<li><a href=\"http:\/\/garincha.blog.mongenie.com\/\"><strong>Abstentionnistes<\/strong><\/a><\/li>\n<li><a href=\"http:\/\/lepilote.c.la\/\"><strong>Le Pilote au thon mastique<\/strong><\/a><\/li>\n<li><a href=\"http:\/\/www.everyoneweb.fr\/vpm-times\/\"><strong>VPM&rsquo;s Times<\/strong><\/a> <a href=\"http:\/\/www.everyoneweb.fr\/vpm-times\/\">version 1<\/a> et <a href=\"http:\/\/vpm-times.wikeo.be\/\">version 2<\/a><\/li>\n<li><a href=\"http:\/\/vpm-tv.e-monsite.com\/\"><strong>VPM TV<\/strong><\/a><\/li>\n<li><a href=\"http:\/\/vpmmedias.blogspot.com\/\"><strong>VPM M\u00e9dias<\/strong><\/a> (qui n\u2019a rien \u00e0 voir avec VPM\u00e9dias :)<\/li>\n<li><a href=\"http:\/\/www.lagazette.1s.fr\/\"><strong>La gazette de Votez pour moi<\/strong><\/a><\/li>\n<li><a href=\"http:\/\/levpmien.doomby.com\/\"><strong>Le VPMien<\/strong><\/a><\/li>\n<li><a href=\"http:\/\/news-vpm.webnode.fr\/\"><strong>Le News VPM<\/strong><\/a><\/li>\n<li><a href=\"http:\/\/vpmagazine.webnode.fr\/\"><strong>VPMagazine<\/strong><\/a><\/li>\n<li><a href=\"http:\/\/www.votezpourmoi.com\/journal\/\"><strong>Le Cohu Bohu<\/strong><\/a><\/li>\n<li><a href=\"http:\/\/vpmradio.webnode.fr\/\"><strong>VPM Radio<\/strong><\/a><\/li>\n<\/ul>\n<\/div>\n","protected":false},"excerpt":{"rendered":"<p>Retrouvez ici les sites externes relatifs \u00e0 VPM, qu\u2019ils soient encore actifs ou qu\u2019ils se soient \u00e9teints, qu\u2019ils aient eu du succ\u00e8s ou qu\u2019ils soient morts-n\u00e9s. VotezPourMoi.com Les m\u00e9dias sur Votre Portail M\u00e9dias VPMinformation VPMcommunaut\u00e9 VPMradio Les br\u00e8ves La Tribune Libre Les portails &amp; forums consacr\u00e9s \u00e0 VPM Le Canard D\u00e9cha\u00een\u00e9 Les forums inactifs VPM [&hellip;]<\/p>\n","protected":false},"author":2,"featured_media":0,"parent":105,"menu_order":19,"comment_status":"open","ping_status":"closed","template":"","meta":{"site-container-style":"default","site-container-layout":"default","site-sidebar-layout":"default","disable-article-header":"default","disable-site-header":"default","disable-site-footer":"default","disable-content-area-spacing":"default","footnotes":""},"class_list":["post-127","page","type-page","status-publish","hentry"],"_links":{"self":[{"href":"https:\/\/vpmedias.fr\/index.php?rest_route=\/wp\/v2\/pages\/127","targetHints":{"allow":["GET"]}}],"collection":[{"href":"https:\/\/vpmedias.fr\/index.php?rest_route=\/wp\/v2\/pages"}],"about":[{"href":"https:\/\/vpmedias.fr\/index.php?rest_route=\/wp\/v2\/types\/page"}],"author":[{"embeddable":true,"href":"https:\/\/vpmedias.fr\/index.php?rest_route=\/wp\/v2\/users\/2"}],"replies":[{"embeddable":true,"href":"https:\/\/vpmedias.fr\/index.php?rest_route=%2Fwp%2Fv2%2Fcomments&post=127"}],"version-history":[{"count":2,"href":"https:\/\/vpmedias.fr\/index.php?rest_route=\/wp\/v2\/pages\/127\/revisions"}],"predecessor-version":[{"id":13173,"href":"https:\/\/vpmedias.fr\/index.php?rest_route=\/wp\/v2\/pages\/127\/revisions\/13173"}],"up":[{"embeddable":true,"href":"https:\/\/vpmedias.fr\/index.php?rest_route=\/wp\/v2\/pages\/105"}],"wp:attachment":[{"href":"https:\/\/vpmedias.fr\/index.php?rest_route=%2Fwp%2Fv2%2Fmedia&parent=127"}],"curies":[{"name":"wp","href":"https:\/\/api.w.org\/{rel}","templated":true}]}}