{"id":130,"date":"2009-11-03T22:20:37","date_gmt":"2009-11-03T20:20:37","guid":{"rendered":"http:\/\/vpmedias.fr\/?page_id=130"},"modified":"2021-01-04T15:36:51","modified_gmt":"2021-01-04T14:36:51","slug":"lequipe","status":"publish","type":"page","link":"https:\/\/vpmedias.fr\/?page_id=130","title":{"rendered":"L&rsquo;\u00e9quipe"},"content":{"rendered":"<p style=\"text-align: right;\"><span style=\"font-size: small; color: #888888;\"><em>Derni\u00e8re mise \u00e0 jour le 4 janvier 2021<br \/>\n<\/em><\/span><\/p>\n<p><span style=\"font-size: small;\"><strong><span style=\"font-size: 12pt;\"><strong><strong><img loading=\"lazy\" decoding=\"async\" src=\"https:\/\/vpmedias.fr\/wp-content\/themes\/premiumnews\/styles\/default\/ico-arrow.gif\" alt=\"Fl\u00e8che\" width=\"10\" height=\"10\" \/><\/strong>\u00a0 <\/strong>Journalistes de VPM\u00e9dias<\/span><br \/>\n<\/strong><\/span><\/p>\n<p><em>Retrouvez r\u00e9guli\u00e8rement leurs articles dans les colonnes de la une ! Cette ann\u00e9e l&rsquo;\u00e9quipe est compos\u00e9e de :<\/em><\/p>\n<ul>\n<li><a href=\"https:\/\/vpmedias.fr\/?author=226\">Bellazelda<\/a><\/li>\n<li><a href=\"http:\/\/vpmedias.fr\/?author=207\" target=\"_blank\" rel=\"noopener noreferrer\">Fysk<\/a><\/li>\n<li><a href=\"https:\/\/vpmedias.fr\/?author_name=gameknight\">Gameknight<\/a><\/li>\n<li><a href=\"http:\/\/vpmedias.fr\/?author=212\">Girard<\/a><\/li>\n<li><a href=\"https:\/\/vpmedias.fr\/?author=225\">JeSuisCahuzac<\/a><\/li>\n<li><a href=\"http:\/\/vpmedias.fr\/?author=91\" target=\"_blank\" rel=\"noopener noreferrer\">Magne<\/a><\/li>\n<li><a href=\"http:\/\/vpmedias.fr\/?author=62\" target=\"_blank\" rel=\"noopener noreferrer\">Gagalachama<\/a><\/li>\n<li><a href=\"https:\/\/vpmedias.fr\/?author=229\">Nolulu<\/a><\/li>\n<li><a href=\"https:\/\/vpmedias.fr\/?author=230\">SarahWalker<\/a><\/li>\n<li><a href=\"http:\/\/vpmedias.fr\/?author=38\" target=\"_blank\" rel=\"noopener noreferrer\">Valerie<\/a><\/li>\n<\/ul>\n<p><em><br \/>\n<\/em><\/p>\n<hr \/>\n<p><strong><img loading=\"lazy\" decoding=\"async\" src=\"https:\/\/vpmedias.fr\/wp-content\/themes\/premiumnews\/styles\/default\/ico-arrow.gif\" alt=\"Fl\u00e8che\" width=\"10\" height=\"10\" \/> Journalistes juniors<\/strong><\/p>\n<p><em>Ces apprentis-journalistes, supervis\u00e9s par leur r\u00e9dac&rsquo;chef, se forment aux outils de VPM\u00e9dias.<\/em><\/p>\n<ul>\n<li>Quentinlefort<\/li>\n<li>Dridriii<\/li>\n<\/ul>\n<p>&nbsp;<\/p>\n<hr \/>\n<p><strong><img loading=\"lazy\" decoding=\"async\" src=\"https:\/\/vpmedias.fr\/wp-content\/themes\/premiumnews\/styles\/default\/ico-arrow.gif\" alt=\"Fl\u00e8che\" width=\"10\" height=\"10\" \/> Vous<\/strong><\/p>\n<p><em>\u00c0 toute heure, tous les joueurs sont libres de prendre la parole et de publier sur <a href=\"http:\/\/tribune.vpmedias.fr\/\">la Tribune Libre<\/a> ! Pour aider VPM\u00e9dias \u00e0 devenir meilleur, d\u00e9couvrez <a href=\"http:\/\/vpmedias.fr\/?page_id=8514\">comment contribuer \u00e0 VPM\u00e9dias<\/a> !<br \/>\n<\/em><\/p>\n<hr \/>\n<p style=\"text-align: justify;\">\u00a0<strong><span style=\"color: #000080; font-size: small;\"><strong><img loading=\"lazy\" decoding=\"async\" src=\"https:\/\/vpmedias.fr\/wp-content\/themes\/premiumnews\/styles\/default\/ico-arrow.gif\" alt=\"Fl\u00e8che\" width=\"10\" height=\"10\" \/><\/strong> <\/span><span style=\"color: #000000; font-size: small;\">R\u00e9dacteurs en chef<\/span><\/strong><\/p>\n<p><em>Ils \u00e9crivent, supervisent les journalistes, se chargent de la mod\u00e9ration, et sont consult\u00e9s avant toute d\u00e9cision importante.<\/em><\/p>\n<ul style=\"text-align: justify;\">\n<li>Magne<\/li>\n<li>Gameknight<\/li>\n<li>BobMorane<\/li>\n<li>Girard<\/li>\n<li>Fysk<\/li>\n<\/ul>\n<p>&nbsp;<\/p>\n<hr \/>\n<p><span style=\"font-size: small;\"><strong>\u00a0<strong><strong><img loading=\"lazy\" decoding=\"async\" src=\"https:\/\/vpmedias.fr\/wp-content\/themes\/premiumnews\/styles\/default\/ico-arrow.gif\" alt=\"Fl\u00e8che\" width=\"10\" height=\"10\" \/><\/strong>\u00a0 <\/strong>Administrateurs<\/strong><\/span><\/p>\n<p><em>Ils sont responsables du bon fonctionnement du site et de ses \u00e9volutions en coulisse, ainsi que de la coordination de l&rsquo;\u00e9quipe.<\/em><\/p>\n<ul>\n<li>BobMorane<\/li>\n<li>Magne<\/li>\n<li>Sengel<\/li>\n<li>Dragalex<\/li>\n<li>MrBanana<\/li>\n<\/ul>\n<p><em><strong>Graphisme :<\/strong><\/em> Ouicmoi et BobMorane<\/p>\n<hr \/>\n<p><strong>\u00a0\u00a0<strong><strong><img loading=\"lazy\" decoding=\"async\" src=\"https:\/\/vpmedias.fr\/wp-content\/themes\/premiumnews\/styles\/default\/ico-arrow.gif\" alt=\"Fl\u00e8che\" width=\"10\" height=\"10\" \/><\/strong>\u00a0 <\/strong><span style=\"color: #808080;\">Anciens journalistes<br \/>\n<\/span><\/strong><\/p>\n<p><em>Ils ont tous fait partie de l&rsquo;aventure VPM\u00e9dias depuis 2009 ! Cliquez sur leur nom pour retrouver leurs articles.<br \/>\n<\/em><\/p>\n<ul>\n<li><a href=\"http:\/\/vpmedias.fr\/?author=87\" target=\"_blank\" rel=\"noopener noreferrer\">AntoineDubois<\/a><\/li>\n<li><a href=\"http:\/\/vpmedias.fr\/?author=161\" target=\"_blank\" rel=\"noopener noreferrer\">Artarriat<\/a><\/li>\n<li><a href=\"http:\/\/vpmedias.fr\/?author=42\" target=\"_blank\" rel=\"noopener noreferrer\">Baghera<\/a><\/li>\n<li><a href=\"http:\/\/vpmedias.fr\/?author=39\" target=\"_blank\" rel=\"noopener noreferrer\">Bluum<\/a><\/li>\n<li><a href=\"http:\/\/vpmedias.fr\/?author=5\" target=\"_blank\" rel=\"noopener noreferrer\">BobMorane<\/a><\/li>\n<li><a href=\"http:\/\/vpmedias.fr\/?author=196\">Dawokan<\/a><\/li>\n<li><a href=\"http:\/\/vpmedias.fr\/?author=89\" target=\"_blank\" rel=\"noopener noreferrer\">Davsapere<\/a><\/li>\n<li><a href=\"http:\/\/vpmedias.fr\/?author=2\" target=\"_blank\" rel=\"noopener noreferrer\">Dragalex<\/a><\/li>\n<li><a href=\"http:\/\/vpmedias.fr\/?author=200\" target=\"_blank\" rel=\"noopener noreferrer\">Estellenaole<\/a><\/li>\n<li><a href=\"http:\/\/vpmedias.fr\/?author=199\">Evilie<\/a><\/li>\n<li><a href=\"http:\/\/vpmedias.fr\/?author=55\" target=\"_blank\" rel=\"noopener noreferrer\">Felenon<\/a><\/li>\n<li><a href=\"http:\/\/vpmedias.fr\/?author=123\" target=\"_blank\" rel=\"noopener noreferrer\">Fontainard<\/a><\/li>\n<li><a href=\"http:\/\/vpmedias.fr\/?author=26\" target=\"_blank\" rel=\"noopener noreferrer\">Foudgy<\/a><\/li>\n<li><a href=\"http:\/\/vpmedias.fr\/?author=37\" target=\"_blank\" rel=\"noopener noreferrer\">Fujifene<\/a><\/li>\n<li><a href=\"http:\/\/vpmedias.fr\/?author=175\" target=\"_blank\" rel=\"noopener noreferrer\">Ganad<\/a><\/li>\n<li><a href=\"http:\/\/vpmedias.fr\/?author=24\" target=\"_blank\" rel=\"noopener noreferrer\">Geekinthepink<\/a><\/li>\n<li><a href=\"http:\/\/vpmedias.fr\/?author=45\" target=\"_blank\" rel=\"noopener noreferrer\">Geostar<\/a><\/li>\n<li><a href=\"http:\/\/vpmedias.fr\/?author=20\" target=\"_blank\" rel=\"noopener noreferrer\">Grubale<\/a><\/li>\n<li><a href=\"http:\/\/vpmedias.fr\/?author=6\" target=\"_blank\" rel=\"noopener noreferrer\">Hyppy<\/a><\/li>\n<li><a href=\"http:\/\/vpmedias.fr\/?author=67\" target=\"_blank\" rel=\"noopener noreferrer\">Janvier<\/a><\/li>\n<li><a href=\"http:\/\/vpmedias.fr\/?author=71\" target=\"_blank\" rel=\"noopener noreferrer\">Jaquesdefranc<\/a><\/li>\n<li><a href=\"http:\/\/vpmedias.fr\/?author=25\" target=\"_blank\" rel=\"noopener noreferrer\">Jog<\/a><\/li>\n<li><a href=\"http:\/\/vpmedias.fr\/?author=66\" target=\"_blank\" rel=\"noopener noreferrer\">Kerlinn<\/a><\/li>\n<li><a href=\"http:\/\/vpmedias.fr\/?author=49\" target=\"_blank\" rel=\"noopener noreferrer\">Kevinjojo<\/a><\/li>\n<li><a href=\"http:\/\/vpmedias.fr\/?author=202\">Kropo<\/a><\/li>\n<li><a href=\"http:\/\/vpmedias.fr\/?author=48\" target=\"_blank\" rel=\"noopener noreferrer\">Krustyfrancky<\/a><\/li>\n<li><a href=\"http:\/\/vpmedias.fr\/?author=76\" target=\"_blank\" rel=\"noopener noreferrer\">Libertyjack<\/a><\/li>\n<li><a href=\"http:\/\/vpmedias.fr\/?author=64\" target=\"_blank\" rel=\"noopener noreferrer\">Lisandrolopez<\/a><\/li>\n<li><a href=\"http:\/\/vpmedias.fr\/?author=57\" target=\"_blank\" rel=\"noopener noreferrer\">Louloudurscv<\/a><\/li>\n<li><a href=\"http:\/\/vpmedias.fr\/?author=59\" target=\"_blank\" rel=\"noopener noreferrer\">Louistiti<\/a><\/li>\n<li><a href=\"http:\/\/vpmedias.fr\/?author=110\">Lorn<\/a><\/li>\n<li><a href=\"http:\/\/vpmedias.fr\/?author=7\" target=\"_blank\" rel=\"noopener noreferrer\">Madian<\/a><\/li>\n<li><a href=\"https:\/\/vpmedias.fr\/?author=222\">Mairesuper<\/a><\/li>\n<li><a href=\"http:\/\/vpmedias.fr\/?author=198\" target=\"_blank\" rel=\"noopener noreferrer\">Manimix<\/a><\/li>\n<li><a href=\"http:\/\/vpmedias.fr\/?author=201\" target=\"_blank\" rel=\"noopener noreferrer\">Marengo<\/a><\/li>\n<li><a href=\"http:\/\/vpmedias.fr\/?author=23\" target=\"_blank\" rel=\"noopener noreferrer\">Monty<\/a><\/li>\n<li><a href=\"http:\/\/vpmedias.fr\/?author=32\" target=\"_blank\" rel=\"noopener noreferrer\">MrBanana<\/a><\/li>\n<li><a href=\"http:\/\/vpmedias.fr\/?author=44\" target=\"_blank\" rel=\"noopener noreferrer\">Nicolashh<\/a><\/li>\n<li><a href=\"http:\/\/vpmedias.fr\/?author=36\" target=\"_blank\" rel=\"noopener noreferrer\">Nati<\/a><\/li>\n<li><a href=\"https:\/\/vpmedias.fr\/?author=215\">Neptunes<\/a><\/li>\n<li><a href=\"http:\/\/vpmedias.fr\/?author=85\" target=\"_blank\" rel=\"noopener noreferrer\">Nicomonami<\/a><\/li>\n<li><a href=\"http:\/\/vpmedias.fr\/?author=12\" target=\"_blank\" rel=\"noopener noreferrer\">Notaire<\/a><\/li>\n<li><a href=\"http:\/\/vpmedias.fr\/?author=115\" target=\"_blank\" rel=\"noopener noreferrer\">Nulpar<\/a><\/li>\n<li><a href=\"https:\/\/vpmedias.fr\/?author=227\">Nytilchance<\/a><\/li>\n<li><a href=\"http:\/\/vpmedias.fr\/?author=63\" target=\"_blank\" rel=\"noopener noreferrer\">Patouti<\/a><\/li>\n<li><a href=\"http:\/\/vpmedias.fr\/?author=194\" target=\"_blank\" rel=\"noopener noreferrer\">Prikachu<\/a><\/li>\n<li><a href=\"http:\/\/vpmedias.fr\/?author=30\" target=\"_blank\" rel=\"noopener noreferrer\">Raito<\/a><\/li>\n<li><a href=\"http:\/\/vpmedias.fr\/?author=41\" target=\"_blank\" rel=\"noopener noreferrer\">Sarkasme<\/a><\/li>\n<li><a href=\"http:\/\/vpmedias.fr\/?author=8\" target=\"_blank\" rel=\"noopener noreferrer\">Satya<\/a><\/li>\n<li><a href=\"http:\/\/vpmedias.fr\/?author=209\" target=\"_blank\" rel=\"noopener noreferrer\">Sauvage<\/a><\/li>\n<li><a href=\"http:\/\/vpmedias.fr\/?author=131\" target=\"_blank\" rel=\"noopener noreferrer\">Sengel<\/a><\/li>\n<li><a href=\"http:\/\/vpmedias.fr\/?author=73\" target=\"_blank\" rel=\"noopener noreferrer\">Shado<\/a><\/li>\n<li><a href=\"http:\/\/vpmedias.fr\/?author=72\" target=\"_blank\" rel=\"noopener noreferrer\">Shakashaska<\/a><\/li>\n<li><a href=\"http:\/\/vpmedias.fr\/?author=81\" target=\"_blank\" rel=\"noopener noreferrer\">Sosmaxou<\/a><\/li>\n<li><a href=\"http:\/\/vpmedias.fr\/?author=3\" target=\"_blank\" rel=\"noopener noreferrer\">Spolioz<\/a><\/li>\n<li><a href=\"http:\/\/vpmedias.fr\/?author=70\" target=\"_blank\" rel=\"noopener noreferrer\">Stoat<\/a><\/li>\n<li><a href=\"http:\/\/vpmedias.fr\/?author=168\" target=\"_blank\" rel=\"noopener noreferrer\">Supergenial<\/a><\/li>\n<li><a href=\"http:\/\/vpmedias.fr\/?author=53\" target=\"_blank\" rel=\"noopener noreferrer\">Talisman<\/a><\/li>\n<li><a href=\"http:\/\/vpmedias.fr\/?author=40\" target=\"_blank\" rel=\"noopener noreferrer\">Triskel<\/a><\/li>\n<li><a href=\"http:\/\/vpmedias.fr\/?author=203\" target=\"_blank\" rel=\"noopener noreferrer\">Tattux<\/a><\/li>\n<li><a href=\"http:\/\/vpmedias.fr\/?author=52\" target=\"_blank\" rel=\"noopener noreferrer\">Vagal<\/a><\/li>\n<li><a href=\"http:\/\/vpmedias.fr\/?author=86\" target=\"_blank\" rel=\"noopener noreferrer\">Vik<\/a><\/li>\n<li><a href=\"http:\/\/vpmedias.fr\/?author=69\" target=\"_blank\" rel=\"noopener noreferrer\">Yadelavenir<\/a><\/li>\n<li><a href=\"https:\/\/vpmedias.fr\/?author=217\">Yonissart<\/a><\/li>\n<li><a href=\"http:\/\/vpmedias.fr\/?author=211\">Zerozerosix<\/a><\/li>\n<\/ul>\n<p>Anciens stagiaires :<\/p>\n<ul>\n<li><a href=\"http:\/\/vpmedias.fr\/?author=149\" target=\"_blank\" rel=\"noopener noreferrer\">Diplodocus,\u00a0<\/a><a href=\"http:\/\/vpmedias.fr\/?author=214\">Ledoc,\u00a0<\/a><a href=\"https:\/\/vpmedias.fr\/?author_name=lebousier\">Lebousier<\/a><\/li>\n<\/ul>\n","protected":false},"excerpt":{"rendered":"<p>Derni\u00e8re mise \u00e0 jour le 4 janvier 2021 \u00a0 Journalistes de VPM\u00e9dias Retrouvez r\u00e9guli\u00e8rement leurs articles dans les colonnes de la une ! Cette ann\u00e9e l&rsquo;\u00e9quipe est compos\u00e9e de : Bellazelda Fysk Gameknight Girard JeSuisCahuzac Magne Gagalachama Nolulu SarahWalker Valerie Journalistes juniors Ces apprentis-journalistes, supervis\u00e9s par leur r\u00e9dac&rsquo;chef, se forment aux outils de VPM\u00e9dias. Quentinlefort [&hellip;]<\/p>\n","protected":false},"author":2,"featured_media":0,"parent":108,"menu_order":21,"comment_status":"open","ping_status":"open","template":"","meta":{"site-container-style":"default","site-container-layout":"default","site-sidebar-layout":"default","disable-article-header":"default","disable-site-header":"default","disable-site-footer":"default","disable-content-area-spacing":"default","footnotes":""},"class_list":["post-130","page","type-page","status-publish","hentry"],"_links":{"self":[{"href":"https:\/\/vpmedias.fr\/index.php?rest_route=\/wp\/v2\/pages\/130","targetHints":{"allow":["GET"]}}],"collection":[{"href":"https:\/\/vpmedias.fr\/index.php?rest_route=\/wp\/v2\/pages"}],"about":[{"href":"https:\/\/vpmedias.fr\/index.php?rest_route=\/wp\/v2\/types\/page"}],"author":[{"embeddable":true,"href":"https:\/\/vpmedias.fr\/index.php?rest_route=\/wp\/v2\/users\/2"}],"replies":[{"embeddable":true,"href":"https:\/\/vpmedias.fr\/index.php?rest_route=%2Fwp%2Fv2%2Fcomments&post=130"}],"version-history":[{"count":89,"href":"https:\/\/vpmedias.fr\/index.php?rest_route=\/wp\/v2\/pages\/130\/revisions"}],"predecessor-version":[{"id":46220,"href":"https:\/\/vpmedias.fr\/index.php?rest_route=\/wp\/v2\/pages\/130\/revisions\/46220"}],"up":[{"embeddable":true,"href":"https:\/\/vpmedias.fr\/index.php?rest_route=\/wp\/v2\/pages\/108"}],"wp:attachment":[{"href":"https:\/\/vpmedias.fr\/index.php?rest_route=%2Fwp%2Fv2%2Fmedia&parent=130"}],"curies":[{"name":"wp","href":"https:\/\/api.w.org\/{rel}","templated":true}]}}