{"id":132,"date":"2009-11-03T22:21:10","date_gmt":"2009-11-03T20:21:10","guid":{"rendered":"http:\/\/vpmedias.fr\/?page_id=132"},"modified":"2017-08-09T19:44:06","modified_gmt":"2017-08-09T17:44:06","slug":"contact","status":"publish","type":"page","link":"https:\/\/vpmedias.fr\/?page_id=132","title":{"rendered":"Contact"},"content":{"rendered":"<p style=\"text-align: justify;\">Ce formulaire vous permet de <span style=\"color: #008000;\"><strong>contacter l&rsquo;\u00e9quipe<\/strong><\/span> de VPM\u00e9dias. Si vous avez une question, une suggestion, une remarque, une critique, un compliment, une demande \u00e0 nous faire, <strong><span style=\"color: #800000;\">n&rsquo;h\u00e9sitez pas<\/span><\/strong> \u00e0 l&rsquo;utiliser.<\/p>\n<p style=\"text-align: justify;\">Nous nous engageons \u00e0 <strong>r\u00e9pondre \u00e0 tous vos messages<\/strong> sous <strong>48h<\/strong>.<\/p>\n<hr \/>\n<p>[contact-form-7 id=\u00a0\u00bb33774&Prime; title=\u00a0\u00bbContact\u00a0\u00bb]<\/p>\n","protected":false},"excerpt":{"rendered":"<p>Ce formulaire vous permet de contacter l&rsquo;\u00e9quipe de VPM\u00e9dias. Si vous avez une question, une suggestion, une remarque, une critique, un compliment, une demande \u00e0 nous faire, n&rsquo;h\u00e9sitez pas \u00e0 l&rsquo;utiliser. Nous nous engageons \u00e0 r\u00e9pondre \u00e0 tous vos messages sous 48h. [contact-form-7 id=\u00a0\u00bb33774&Prime; title=\u00a0\u00bbContact\u00a0\u00bb]<\/p>\n","protected":false},"author":2,"featured_media":0,"parent":108,"menu_order":22,"comment_status":"open","ping_status":"open","template":"","meta":{"site-container-style":"default","site-container-layout":"default","site-sidebar-layout":"default","disable-article-header":"default","disable-site-header":"default","disable-site-footer":"default","disable-content-area-spacing":"default","footnotes":""},"class_list":["post-132","page","type-page","status-publish","hentry"],"_links":{"self":[{"href":"https:\/\/vpmedias.fr\/index.php?rest_route=\/wp\/v2\/pages\/132","targetHints":{"allow":["GET"]}}],"collection":[{"href":"https:\/\/vpmedias.fr\/index.php?rest_route=\/wp\/v2\/pages"}],"about":[{"href":"https:\/\/vpmedias.fr\/index.php?rest_route=\/wp\/v2\/types\/page"}],"author":[{"embeddable":true,"href":"https:\/\/vpmedias.fr\/index.php?rest_route=\/wp\/v2\/users\/2"}],"replies":[{"embeddable":true,"href":"https:\/\/vpmedias.fr\/index.php?rest_route=%2Fwp%2Fv2%2Fcomments&post=132"}],"version-history":[{"count":7,"href":"https:\/\/vpmedias.fr\/index.php?rest_route=\/wp\/v2\/pages\/132\/revisions"}],"predecessor-version":[{"id":35538,"href":"https:\/\/vpmedias.fr\/index.php?rest_route=\/wp\/v2\/pages\/132\/revisions\/35538"}],"up":[{"embeddable":true,"href":"https:\/\/vpmedias.fr\/index.php?rest_route=\/wp\/v2\/pages\/108"}],"wp:attachment":[{"href":"https:\/\/vpmedias.fr\/index.php?rest_route=%2Fwp%2Fv2%2Fmedia&parent=132"}],"curies":[{"name":"wp","href":"https:\/\/api.w.org\/{rel}","templated":true}]}}