{"id":2266,"date":"2011-01-03T20:00:04","date_gmt":"2011-01-03T18:00:04","guid":{"rendered":"http:\/\/vpmedias.fr\/?page_id=2266"},"modified":"2011-05-23T03:23:12","modified_gmt":"2011-05-23T01:23:12","slug":"envoyes-speciaux-en-campagne","status":"publish","type":"page","link":"https:\/\/vpmedias.fr\/?page_id=2266","title":{"rendered":"Envoy\u00e9s sp\u00e9ciaux en campagne"},"content":{"rendered":"<p style=\"text-align: justify;\">VotezPourMoi est un jeu passionnant ! Les aspects strat\u00e9giques sont innombrables, et les campagnes sont souvent le th\u00e9\u00e2tre de batailles spectaculaires et passionnantes, de retournements de vestes et de situations, de surprises, de duels, de conflits. Il est grand temps de mettre en lumi\u00e8re ce qui se passe dans nos grandes villes. C&rsquo;est le but du programme \u00ab\u00a0Envoy\u00e9s Sp\u00e9ciaux en Campagne\u00a0\u00bb .<\/p>\n<p>[box type=\u00a0\u00bbnote\u00a0\u00bb size=\u00a0\u00bblarge\u00a0\u00bb style=\u00a0\u00bbrounded\u00a0\u00bb border=\u00a0\u00bbfull\u00a0\u00bb]Le programme \u00ab\u00a0Envoy\u00e9s sp\u00e9ciaux en campagne\u00a0\u00bb est actuellement suspendu.[\/box]<\/p>\n<p style=\"text-align: justify;\">&nbsp;<\/p>\n<h3>Comment \u00e7a fonctionne ?<\/h3>\n<p style=\"text-align: justify;\">Ca ne pourra fonctionner que gr\u00e2ce \u00e0 vous !<\/p>\n<p style=\"text-align: justify;\">Cette op\u00e9ration fait appel \u00e0 toute la communaut\u00e9 des joueurs. <strong>Chaque semaine, 3 villes seront en vedette<\/strong>. Pour chaque ville, nous demandons \u00e0 un joueur \u00ab\u00a0envoy\u00e9 sp\u00e9cial\u00a0\u00bb de r\u00e9pondre \u00e0 un petit questionnaire sur le d\u00e9roulement de la campagne. <strong>Ainsi, en 4 semaines ou un mois, les 11 plus grandes villes du jeu &amp; 1 ville tournante peuvent \u00eatre abord\u00e9es<\/strong>. Et chaque mois, \u00e7a recommence !<\/p>\n<p style=\"text-align: justify;\">&nbsp;<\/p>\n<h3>Le calendrier des villes &amp; des envoy\u00e9s sp\u00e9ciaux<\/h3>\n<p style=\"text-align: justify;\"><em>Ce calendrier est amen\u00e9 \u00e0 \u00e9voluer pour s&rsquo;adapter aux campagnes termin\u00e9es ou aux possibilit\u00e9s de nos joueurs volontaires.<br \/>\n<\/em><\/p>\n<ul>\n<li>Semaine 1 :<\/li>\n<\/ul>\n<p style=\"text-align: justify;\">Marseille &gt; Fifo ; Jejem ; Vitoo ; Raph<br \/>\nNice &gt; Raito ; Natiboss<br \/>\nLille &gt; Dens<\/p>\n<ul>\n<li>Semaine 2 :<\/li>\n<\/ul>\n<p style=\"text-align: justify;\">Paris &gt; Geostar ; Bluum ; Whynot ; Fifo<br \/>\nToulouse &gt; (Foudgy)<br \/>\nBordeaux &gt; Tastet, Libertaire<\/p>\n<ul>\n<li>Semaine 3 :<\/li>\n<\/ul>\n<p style=\"text-align: justify;\">Bruxelles &gt; Fifo ; oupss<br \/>\nNantes &gt; princedudesert ; Peupule<br \/>\nMontpellier &gt; Antonego ; Gollum<\/p>\n<ul>\n<li>Semaine 4 :<\/li>\n<\/ul>\n<p style=\"text-align: justify;\">Lyon &gt; Hyppy ; Lyonsuper ; Gollum<br \/>\nStrasbourg &gt; Peupule<br \/>\nVille invit\u00e9e &gt; &#8230;<\/p>\n<p><br class=\"spacer_\" \/><\/p>\n<ul>\n<li>Autres villes : Watzi ; Nicolash<\/li>\n<\/ul>\n<p><br class=\"spacer_\" \/><\/p>\n<h3>Comment aider ?<\/h3>\n<p style=\"text-align: justify; margin-left: 40px;\"><strong>Vous \u00eates en campagne dans une grande ville, et vous \u00eates pr\u00eat \u00e0 donner quelques minutes par mois pour soutenir son dynamisme ? Devenez envoy\u00e9 sp\u00e9cial !<br \/>\n<\/strong><\/p>\n<p style=\"text-align: justify;\">Pour ce faire, <strong>au choix :<\/strong><\/p>\n<ul>\n<li>contactez Dragalex par Messagerie Priv\u00e9e sur VotezPourMoi ;<\/li>\n<li>inscrivez-vous sur le <a href=\"http:\/\/www.votezpourmoi.com\/forum_msg.php?idsujet=13047&amp;id=1&amp;recherche=\">sujet du Forum<\/a> ;<\/li>\n<li>signalez-vous par un commentaire \u00e0 cette page ;<\/li>\n<li>utilisez notre <a href=\"\/?page_id=132\">formulaire de contact<\/a>.<\/li>\n<\/ul>\n<p style=\"text-align: justify;\">Chaque mois, un petit questionnaire vous sera envoy\u00e9 par Dragalex afin de vous guider dans votre prestation !<\/p>\n<p style=\"text-align: center;\"><strong>\u00ab\u00a0<em>Vous aimez ce jeu, montrez-le !<\/em>\u00a0\u00bb<br \/>\n<\/strong><\/p>\n<p style=\"text-align: justify;\">Merci \u00e0 tous ! =D<\/p>\n","protected":false},"excerpt":{"rendered":"<p>VotezPourMoi est un jeu passionnant ! Les aspects strat\u00e9giques sont innombrables, et les campagnes sont souvent le th\u00e9\u00e2tre de batailles spectaculaires et passionnantes, de retournements de vestes et de situations, de surprises, de duels, de conflits. Il est grand temps de mettre en lumi\u00e8re ce qui se passe dans nos grandes villes. C&rsquo;est le but [&hellip;]<\/p>\n","protected":false},"author":2,"featured_media":0,"parent":108,"menu_order":12,"comment_status":"open","ping_status":"closed","template":"","meta":{"site-container-style":"default","site-container-layout":"default","site-sidebar-layout":"default","disable-article-header":"default","disable-site-header":"default","disable-site-footer":"default","disable-content-area-spacing":"default","footnotes":""},"class_list":["post-2266","page","type-page","status-publish","hentry"],"_links":{"self":[{"href":"https:\/\/vpmedias.fr\/index.php?rest_route=\/wp\/v2\/pages\/2266","targetHints":{"allow":["GET"]}}],"collection":[{"href":"https:\/\/vpmedias.fr\/index.php?rest_route=\/wp\/v2\/pages"}],"about":[{"href":"https:\/\/vpmedias.fr\/index.php?rest_route=\/wp\/v2\/types\/page"}],"author":[{"embeddable":true,"href":"https:\/\/vpmedias.fr\/index.php?rest_route=\/wp\/v2\/users\/2"}],"replies":[{"embeddable":true,"href":"https:\/\/vpmedias.fr\/index.php?rest_route=%2Fwp%2Fv2%2Fcomments&post=2266"}],"version-history":[{"count":0,"href":"https:\/\/vpmedias.fr\/index.php?rest_route=\/wp\/v2\/pages\/2266\/revisions"}],"up":[{"embeddable":true,"href":"https:\/\/vpmedias.fr\/index.php?rest_route=\/wp\/v2\/pages\/108"}],"wp:attachment":[{"href":"https:\/\/vpmedias.fr\/index.php?rest_route=%2Fwp%2Fv2%2Fmedia&parent=2266"}],"curies":[{"name":"wp","href":"https:\/\/api.w.org\/{rel}","templated":true}]}}