{"id":35029,"date":"2017-06-07T17:45:51","date_gmt":"2017-06-07T15:45:51","guid":{"rendered":"http:\/\/vpmedias.fr\/?page_id=35029"},"modified":"2017-08-09T19:41:36","modified_gmt":"2017-08-09T17:41:36","slug":"devenir-journaliste-pour-vpmedias","status":"publish","type":"page","link":"https:\/\/vpmedias.fr\/?page_id=35029","title":{"rendered":"Devenir journaliste pour VPM\u00e9dias"},"content":{"rendered":"<p>Envoie-nous simplement ce formulaire, et un membre de l&rsquo;\u00e9quipe rentrera en contact avec toi imm\u00e9diatement.<\/p>\n<blockquote><p>[contact-form-7 id=\u00a0\u00bb35030&Prime; title=\u00a0\u00bbCandidature journaliste\u00a0\u00bb]<\/p><\/blockquote>\n<p>Un membre de l&rsquo;\u00e9quipe va te contacter sur le jeu. Surveille sur l&rsquo;onglet \u00ab\u00a0Contact\u00a0\u00bb sa demande d&rsquo;ajout !<\/p>\n","protected":false},"excerpt":{"rendered":"<p>Envoie-nous simplement ce formulaire, et un membre de l&rsquo;\u00e9quipe rentrera en contact avec toi imm\u00e9diatement. [contact-form-7 id=\u00a0\u00bb35030&Prime; title=\u00a0\u00bbCandidature journaliste\u00a0\u00bb] Un membre de l&rsquo;\u00e9quipe va te contacter sur le jeu. Surveille sur l&rsquo;onglet \u00ab\u00a0Contact\u00a0\u00bb sa demande d&rsquo;ajout !<\/p>\n","protected":false},"author":5,"featured_media":0,"parent":108,"menu_order":0,"comment_status":"closed","ping_status":"closed","template":"template-fullwidth.php","meta":{"site-container-style":"default","site-container-layout":"default","site-sidebar-layout":"default","disable-article-header":"default","disable-site-header":"default","disable-site-footer":"default","disable-content-area-spacing":"default","footnotes":""},"class_list":["post-35029","page","type-page","status-publish","hentry"],"_links":{"self":[{"href":"https:\/\/vpmedias.fr\/index.php?rest_route=\/wp\/v2\/pages\/35029","targetHints":{"allow":["GET"]}}],"collection":[{"href":"https:\/\/vpmedias.fr\/index.php?rest_route=\/wp\/v2\/pages"}],"about":[{"href":"https:\/\/vpmedias.fr\/index.php?rest_route=\/wp\/v2\/types\/page"}],"author":[{"embeddable":true,"href":"https:\/\/vpmedias.fr\/index.php?rest_route=\/wp\/v2\/users\/5"}],"replies":[{"embeddable":true,"href":"https:\/\/vpmedias.fr\/index.php?rest_route=%2Fwp%2Fv2%2Fcomments&post=35029"}],"version-history":[{"count":6,"href":"https:\/\/vpmedias.fr\/index.php?rest_route=\/wp\/v2\/pages\/35029\/revisions"}],"predecessor-version":[{"id":35036,"href":"https:\/\/vpmedias.fr\/index.php?rest_route=\/wp\/v2\/pages\/35029\/revisions\/35036"}],"up":[{"embeddable":true,"href":"https:\/\/vpmedias.fr\/index.php?rest_route=\/wp\/v2\/pages\/108"}],"wp:attachment":[{"href":"https:\/\/vpmedias.fr\/index.php?rest_route=%2Fwp%2Fv2%2Fmedia&parent=35029"}],"curies":[{"name":"wp","href":"https:\/\/api.w.org\/{rel}","templated":true}]}}