{"id":5197,"date":"2011-05-04T17:15:01","date_gmt":"2011-05-04T15:15:01","guid":{"rendered":"http:\/\/vpmedias.fr\/?page_id=5197"},"modified":"2018-01-03T18:22:20","modified_gmt":"2018-01-03T17:22:20","slug":"mentions-legales-et-conditions-generales-dutilisation","status":"publish","type":"page","link":"https:\/\/vpmedias.fr\/?page_id=5197","title":{"rendered":"Mentions l\u00e9gales, Conditions d&rsquo;utilisation et Donn\u00e9es personnelles"},"content":{"rendered":"<blockquote><p>Sommaire :<\/p>\n<ol>\n<li><a href=\"#mentions-legales\">Mentions l\u00e9gales<\/a><\/li>\n<li><a href=\"#conditions-dutilisation\">Conditions d&rsquo;utilisation<\/a><\/li>\n<li><a href=\"#donnees-personnelles\">Donn\u00e9es personnelles<\/a><\/li>\n<\/ol>\n<\/blockquote>\n<hr \/>\n<h1 style=\"text-align: justify;\"><a name=\"mentions-legales\"><\/a>Mentions l\u00e9gales<\/h1>\n<p>&nbsp;<\/p>\n<p style=\"text-align: justify;\">VPMedias.fr et ses sous-domaines est un site \u00e9dit\u00e9 \u00e0 titre non professionnel au regard de l\u2019<a href=\"http:\/\/www.legifrance.gouv.fr\/affichTexte.do?cidTexte=JORFTEXT000000801164&amp;dateTexte=#LEGIARTI000022469889\">article 6, III, 2\u00b0 de la loi 2004-575 du 21 juin 2004<\/a> modifi\u00e9 par l&rsquo;<a href=\"http:\/\/www.legifrance.gouv.fr\/affichTexteArticle.do?idArticle=JORFARTI000022454137&amp;cidTexte=JORFTEXT000022454032\">article 28 de la loi n\u00b02010-769 du 9 juillet 2010<\/a>.<br \/>\nVPMedias.fr n\u2019est pas d\u00e9clar\u00e9 \u00e0 la CNIL, en vertu de la <a href=\"https:\/\/www.cnil.fr\/fr\/dispense\/di-006-sites-web-personnels-ou-blogs\">dispense n\u00b06<\/a> de la <a href=\"http:\/\/www.cnil.fr\/\">Commission Nationale de l&rsquo;Informatique et des Libert\u00e9s<\/a>.<br \/>\nVPMedias.fr est \u00e9dit\u00e9 par <a href=\"\/?page_id=130\">ses Administrateurs et R\u00e9dacteurs en chef<\/a>.<\/p>\n<p style=\"text-align: justify;\">La <a href=\"http:\/\/www.ovh.com\">Soci\u00e9t\u00e9 par Actions Simplifi\u00e9e OVH<\/a>, en tant qu\u2019h\u00e9bergeur du site, n\u2019est pas responsable de son contenu. L\u2019Administration et la R\u00e9daction en chef en sont partiellement responsables, et s\u2019engagent \u00e0 respecter et faire respecter sur VPMedias.fr et ses sous-domaines les lois et r\u00e8glements applicables en France. Les conditions d\u2019utilisation du site VPMedias.fr sont soumises au droit fran\u00e7ais ; en cas de litige et en l\u2019absence de possibilit\u00e9 de r\u00e9gler le diff\u00e9rend \u00e0 l\u2019amiable, les tribunaux fran\u00e7ais sont seuls comp\u00e9tents.<\/p>\n<blockquote>\n<h2 style=\"text-align: justify;\">H\u00e9bergeur<\/h2>\n<address><span style=\"text-align: justify;\">SAS OVH<\/span><\/address>\n<address><span style=\"text-align: justify;\">2 rue Kellermann<\/span><\/address>\n<address style=\"text-align: justify;\">BP 80157<br \/>\n59100 Roubaix<br \/>\nFrance<\/address>\n<address style=\"text-align: justify;\">Capital Social : 10 000 000 \u20ac<br \/>\nT\u00e9l\u00e9phone : 0899 701 761 (1.349 euros TTC l&rsquo;appel, puis 0.337 Euros TTC\/minute)<br \/>\nFax : +33 (0) 3 20 20 09 58<\/address>\n<\/blockquote>\n<address style=\"text-align: justify;\">\u00a0<\/address>\n<h2 style=\"text-align: justify;\"><span style=\"font-size: 1.17em;\">Droits d\u2019auteur, de propri\u00e9t\u00e9 industrielle et intellectuelle<\/span><\/h2>\n<p style=\"text-align: justify;\">VPM\u00e9dias respecte la r\u00e8glementation en vigueur en mati\u00e8re de droits d\u2019auteur, de propri\u00e9t\u00e9 industrielle et intellectuelle. En cas de doute quant aux droits sous lesquels est publi\u00e9 un contenu sur le site ou si vous pensez que l&rsquo;un d&rsquo;eux vous appartient et est utilis\u00e9 sans autorisation, rendez-vous sur le <a href=\"\/?page_id=132\">formulaire de contact<\/a>.<\/p>\n<p style=\"text-align: justify;\">VPMedias.fr utilise la plate-forme s\u00e9mantique de publication personnelle sous <a href=\"http:\/\/www.linux-france.org\/article\/these\/gpl.html\">licence GPLv2<\/a> <a href=\"http:\/\/wordpress.org\/\">WordPress<\/a>, des extensions pour celle-ci, et le th\u00e8me <a href=\"http:\/\/www.woothemes.com\">Premium News<\/a> sous <a href=\"http:\/\/www.gnu.org\/licenses\/gpl.html\">licence publique g\u00e9n\u00e9rale GNU<\/a>. Canard.VPMedias.fr utilise le moteur de forum <a href=\"http:\/\/www.phpbb.com\/\">phpBB<\/a>, son style associ\u00e9\u00a0prosilver, modifi\u00e9 par VPM\u00e9dias,\u00a0traduits par <a href=\"http:\/\/phpBB-fr.com\">phpBB-fr.com<\/a>\u00a0et VPM\u00e9dias, sous <a href=\"http:\/\/www.gnu.org\/licenses\/gpl.html\">licence publique g\u00e9n\u00e9rale GNU<\/a>. Wiki.VPMedias.fr utilise le syst\u00e8me de gestion de contenu <a href=\"http:\/\/www.mediawiki.org\/wiki\/MediaWiki\">MediaWiki<\/a> sous <a href=\"http:\/\/www.gnu.org\/licenses\/gpl.html\">licence publique g\u00e9n\u00e9rale GNU<\/a>. Toutes les modifications ult\u00e9rieures apport\u00e9es \u00e0 ces outils partagent leurs conditions initiales \u00e0 l&rsquo;identique.<\/p>\n<p style=\"text-align: justify;\">Des images et samples audio pouvant faire l&rsquo;objet d&rsquo;un droit de propri\u00e9t\u00e9 intellectuelle peuvent figurer sur le site : il peut s&rsquo;agir notamment des avatars, dont la responsabilit\u00e9 incombe au site <a href=\"http:\/\/fr.gravatar.com\/\">Gravatar<\/a> qui les h\u00e9berge, ou des contenus ant\u00e9rieurs \u00e0 avril 2011. De par le lien moral entre VPM\u00e9dias et le site <a href=\"http:\/\/votezpourmoi.com\">Votez Pour Moi<\/a> \u00e9dit\u00e9 par l&rsquo;auto-entreprise d\u00e9nomm\u00e9e \u00ab\u00a0<a href=\"http:\/\/www.azulea.com\/\">Azulea<\/a>\u00a0\u00bb de M. Serge Serna , nom enregistr\u00e9 au Registre du Commerce et des soci\u00e9t\u00e9s (SIRET 451 414 866 00025), de nombreux contenus prot\u00e9g\u00e9s par le droit d&rsquo;auteur sont utilis\u00e9s avec l&rsquo;aimable autorisation de ce dernier.<\/p>\n<p style=\"text-align: justify;\">L&rsquo;ensemble du contenu r\u00e9dactionnel et audio, les images illustrant les articles et les pages du <a href=\"http:\/\/vpmedias.fr\" rel=\"cc:attributionURL\">site<\/a> sont mis \u00e0 disposition selon les termes de la licence <a href=\"http:\/\/creativecommons.org\/licenses\/by-nc-nd\/3.0\/deed.fr\" rel=\"license\">Creative Commons : Paternit\u00e9 &#8211; Pas d&rsquo;Utilisation Commerciale &#8211; Pas de Modification 3.0<\/a>. Vous \u00eates libres de partager (reproduire, distribuer et communiquer) l&rsquo;\u0153uvre selon les conditions suivantes :<\/p>\n<ul style=\"text-align: justify;\">\n<li>paternit\u00e9 : vous devez attribuer l&rsquo;\u0153uvre de la mani\u00e8re indiqu\u00e9e par l&rsquo;auteur de l&rsquo;\u0153uvre ou le titulaire des droits (mais pas d&rsquo;une mani\u00e8re qui sugg\u00e9rerait qu&rsquo;ils vous soutiennent ou approuvent votre utilisation de l&rsquo;\u0153uvre) ;<\/li>\n<li>pas d\u2019utilisation commerciale : vous n&rsquo;avez pas le droit d&rsquo;utiliser cette \u0153uvre \u00e0 des fins commerciales ;<\/li>\n<li>pas de travaux d\u00e9riv\u00e9s : vous n\u2019avez pas le droit de modifier, de transformer ou d\u2019adapter cette \u0153uvre.<\/li>\n<\/ul>\n<p style=\"text-align: justify;\">Les <a href=\"http:\/\/vpmedias.fr\/?tag=lillu\">\u00ab\u00a0illus\u00a0\u00bb<\/a>, les logos du site (incluant <a href=\"http:\/\/vpmedias.fr\/images\/logosvpmedias.php\">ceux-ci<\/a>), les <a href=\"http:\/\/vpmedias.fr\/images\/alaune.php\">images de une<\/a> et le <a href=\"http:\/\/bar.vpmedias.fr\/index-lounge.php\">design du Bar<\/a> font exception : tous leurs droits sont r\u00e9serv\u00e9s et prot\u00e9g\u00e9s par le droit d&rsquo;auteur.<\/p>\n<hr \/>\n<h1 style=\"text-align: justify;\"><a name=\"conditions-dutilisation\"><\/a>Conditions d&rsquo;utilisation<\/h1>\n<p>&nbsp;<\/p>\n<p style=\"text-align: justify;\"><em><a href=\"http:\/\/canard.vpmedias.fr\/ucp.php?mode=register\">Cr\u00e9er un compte VPM\u00e9dias<\/a>\u00a0permet notamment d&rsquo;envoyer un commentaire sur un article des <a href=\"http:\/\/vpmedias.fr\">m\u00e9dias<\/a>, de lire et r\u00e9pondre aux messages du <a href=\"http:\/\/canard.vpmedias.fr\">forum<\/a>, d&rsquo;y rejoindre des groupes, d&rsquo;y envoyer des messages priv\u00e9s, d&rsquo;y cr\u00e9er une galerie personnelle, d&rsquo;associer un avatar \u00e0 toutes ses activit\u00e9s, et d&rsquo;acc\u00e9der \u00e0 l&rsquo;\u00e9dition du\u00a0<a href=\"http:\/\/wiki.vpmedias.fr\/\">wiki<\/a> ; le tout avec un seul identifiant (pseudonyme et mot de passe) et adresse de courrier \u00e9lectronique (email).<\/em><\/p>\n<p style=\"text-align: justify;\">En cr\u00e9ant un compte VPM\u00e9dias (d\u00e9sign\u00e9 ici par \u00ab\u00a0nous\u00a0\u00bb, \u00ab\u00a0notre\u00a0\u00bb, \u00ab\u00a0nos\u00a0\u00bb, VPM\u00e9dias, http:\/\/VPMedias.fr, http:\/\/canard.VPMedias.fr, http:\/\/wiki.VPMedias.fr), vous acceptez d\u2019\u00eatre l\u00e9galement responsable des conditions suivantes et la <a href=\"#donnees-personnelles\">politique de vie priv\u00e9e<\/a> du site. Si vous n\u2019acceptez pas d\u2019\u00eatre l\u00e9galement responsable de toutes les conditions suivantes, alors n\u2019utilisez pas votre compte. Nous pouvons modifier celles-ci \u00e0 n\u2019importe quel moment et nous ferons tout pour que vous en soyez inform\u00e9, bien qu\u2019il soit prudent de v\u00e9rifier r\u00e9guli\u00e8rement celles-ci par vous-m\u00eame. Si vous continuez d\u2019utiliser votre compte VPM\u00e9dias alors que des changements ont \u00e9t\u00e9 effectu\u00e9s, vous acceptez d\u2019\u00eatre l\u00e9galement responsable des conditions d\u00e9coulant des mises \u00e0 jour et\/ou modifications.<\/p>\n<p style=\"text-align: justify;\">Vous acceptez de ne pas publier de contenu :<\/p>\n<ul style=\"text-align: justify;\">\n<li>relatif \u00e0 l\u2019identit\u00e9 r\u00e9elle d\u2019un joueur inscrit sur le site <a href=\"http:\/\/votezpourmoi.com\">Votez Pour Moi<\/a>\u00a0contre son gr\u00e9 ;<\/li>\n<li>usurpant l&rsquo;identit\u00e9 d&rsquo;un joueur inscrit sur le site\u00a0<a href=\"http:\/\/votezpourmoi.com\">Votez Pour Moi<\/a>\u00a0;<\/li>\n<li>ne respectant pas l&rsquo;esprit ludique du site ;<\/li>\n<li>abusif, obsc\u00e8ne, vulgaire, diffamatoire, choquant, mena\u00e7ant, \u00e0 caract\u00e8re sexuel ou autre qui peut transgresser les lois de votre pays, les lois internationales, ou celles de la France,\u00a0notamment la loi du du 29 Juillet 1981 relative \u00e0 la libert\u00e9 de la presse : infraction \u00e0 l\u2019ordre public, commentaires \u00e0 caract\u00e8res injurieux, diffamatoire, raciste, x\u00e9nophobe, p\u00e9dophile, etc.<\/li>\n<\/ul>\n<p style=\"text-align: justify;\">Le faire peut vous mener \u00e0 un bannissement imm\u00e9diat et permanent, avec une notification \u00e0 votre fournisseur d\u2019acc\u00e8s \u00e0 Internet si nous le jugeons n\u00e9cessaire. L\u2019adresse IP de tous les messages est enregistr\u00e9e pour aider au renforcement de ces conditions. Vous acceptez que VPM\u00e9dias supprime, \u00e9dite, d\u00e9place ou verrouille n\u2019importe quel sujet lorsque nous estimons que cela est n\u00e9cessaire. En tant qu\u2019utilisateur, vous acceptez que toutes les informations que vous avez entr\u00e9es soient stock\u00e9es dans notre base de donn\u00e9es. Bien que ces informations ne soient pas diffus\u00e9es \u00e0 une tierce partie sans votre consentement, ni VPM\u00e9dias, ni les syst\u00e8mes de gestion de contenu utilis\u00e9s ne pourront \u00eatre tenus comme responsables en cas de tentative de piratage visant \u00e0 compromettre les donn\u00e9es.<\/p>\n<p style=\"text-align: justify;\">L\u2019Administration, la R\u00e9daction en chef, la mod\u00e9ration du forum ne sont en aucun cas responsables du contenu qui est publi\u00e9 dans les commentaires sous l&rsquo;enti\u00e8re responsabilit\u00e9 de leurs auteurs.<\/p>\n<p style=\"text-align: justify;\"><span style=\"text-align: justify;\">\u00a0\u00a0<\/span><\/p>\n<hr \/>\n<h1 style=\"text-align: justify;\"><a name=\"donnees-personnelles\"><\/a>Donn\u00e9es personnelles<\/h1>\n<p>&nbsp;<\/p>\n<p style=\"text-align: justify;\"><em>Le texte ci-dessous explique en d\u00e9tail comment VPM\u00e9dias (d\u00e9sign\u00e9s ici par \u00ab\u00a0les Administrateurs \u00bb, \u00ab\u00a0nous \u00bb, \u00ab\u00a0nos\u00a0\u00bb, VPM\u00e9dias, \u00ab\u00a0http:\/\/VPMedias.fr\u00a0\u00bb et ses sous-domaines)\u00a0et WordPress, phpBB,\u00a0MediaWiki (d\u00e9sign\u00e9 ici par \u00ab\u00a0ils\u00a0\u00bb, \u00ab\u00a0eux\u00a0\u00bb, \u00ab\u00a0leur\u00a0\u00bb, \u00ab logiciel \u00bb,\u00a0\u00ab syst\u00e8me de gestion de contenu\u00a0\u00bb, \u00ab\u00a0plate-forme \u00bb) utilisent n\u2019importe quelle information collect\u00e9e pendant n\u2019importe quelle session d\u2019utilisation de votre part (d\u00e9sign\u00e9e ici par \u00ab\u00a0vos informations\u00a0\u00bb).<\/em><\/p>\n<p style=\"text-align: justify;\">Vos informations sont collect\u00e9es de trois mani\u00e8res. Premi\u00e8rement, en naviguant sur VPM\u00e9dias, les logiciels WordPress et phpBB cr\u00e9eront un certain nombre de cookies, qui sont des petits fichiers textes t\u00e9l\u00e9charg\u00e9s dans les fichiers temporaires du navigateur Internet de votre ordinateur. Les deux premiers cookies ne contiennent qu\u2019un identifiant utilisateur (d\u00e9sign\u00e9 ici par \u00ab\u00a0ID de l\u2019utilisateur\u00a0\u00bb) et un identifiant de session invit\u00e9 (d\u00e9sign\u00e9 ici par \u00ab\u00a0ID de la session\u00a0\u00bb), qui vous sont automatiquement assign\u00e9s par les logiciels.<\/p>\n<p style=\"text-align: justify;\"><strong>Si vous ne poss\u00e9dez pas de compte VPM\u00e9dias<\/strong>, un troisi\u00e8me cookie sera cr\u00e9\u00e9 par phpBB une fois que vous naviguerez sur les sujets du forum est utilis\u00e9 pour stocker les informations sur les sujets que vous avez lus, ce qui am\u00e9liore votre navigation sur le forum. Vous pouvez <a href=\"http:\/\/canard.vpmedias.fr\/\/ucp.php?mode=delete_cookies\">supprimer tous ces cookies<\/a> \u00e0 tout moment. Un quatri\u00e8me cookie peut \u00eatre enregistr\u00e9 par le logiciel WordPress dans l\u2019\u00e9quipement des lecteurs pour permettre au navigateur de conserver les informations enregistr\u00e9es dans le formulaire de commentaire, afin qu&rsquo;ils n\u2019aient pas \u00e0 les ressaisir \u00e0 chaque envoi de commentaire.<\/p>\n<p style=\"text-align: justify;\"><strong>Si vous poss\u00e9dez un compte VPM\u00e9dias<\/strong>, votre compte contiendra au minimum un identifiant unique (d\u00e9sign\u00e9 ici par \u00ab\u00a0votre nom d\u2019utilisateur\u00a0\u00bb), un mot de passe personnel utilis\u00e9 pour la connexion \u00e0 votre compte (d\u00e9sign\u00e9 ici par \u00ab\u00a0votre mot de passe\u00a0\u00bb), et une adresse e-mail personnelle valide (d\u00e9sign\u00e9e ici par \u00ab\u00a0votre e-mail\u00a0\u00bb). Vos informations pour votre compte sur VPM\u00e9dias sont prot\u00e9g\u00e9es par les lois de protection des donn\u00e9es applicables en France. Toute information en-dehors de votre nom d\u2019utilisateur, de votre mot de passe et de votre adresse e-mail requise par VPM\u00e9dias durant la proc\u00e9dure d\u2019inscription, qu\u2019elle soit obligatoire ou non, reste \u00e0 la discr\u00e9tion de VPM\u00e9dias. Dans tous les cas, vous pouvez choisir quelle information de votre compte sera affich\u00e9e publiquement. De plus, dans votre profil, vous pouvez souscrire ou non \u00e0 l\u2019envoi automatique d\u2019e-mail par le logiciel phpBB.<\/p>\n<p style=\"text-align: justify;\">Votre mot de passe est chiffr\u00e9 (hashage \u00e0 sens unique) afin qu\u2019il soit s\u00e9curis\u00e9. Cependant, il est recommand\u00e9 de ne pas utiliser le m\u00eame mot de passe sur plusieurs sites Internet diff\u00e9rents. Votre mot de passe est le moyen d\u2019acc\u00e8s \u00e0 votre compte sur VPM\u00e9dias, conservez-le soigneusement et en aucun cas une personne affili\u00e9e de VPM\u00e9dias, de ses logiciels ou une d\u2019une tierce partie ne peut vous demander l\u00e9gitimement votre mot de passe. Si vous oubliez votre mot de passe, vous pouvez utiliser la fonction \u00ab\u00a0<a href=\"http:\/\/canard.vpmedias.fr\/ucp.php?mode=sendpassword\">J\u2019ai perdu mon mot de passe<\/a>\u00a0\u00bb. Ce processus vous demandera de fournir votre nom d\u2019utilisateur et votre e-mail, alors le logiciel phpBB g\u00e9n\u00e9rera un nouveau mot de passe qui vous permettra de vous reconnecter.<\/p>\n<p style=\"text-align: justify;\">Ce site utilise <strong>Google Analytics<\/strong>, un service d\u2019analyse de site internet fourni par Google Inc. (\u00ab\u00a0Google\u00a0\u00bb). Google Analytics utilise des cookies , qui sont des fichiers texte plac\u00e9s sur votre ordinateur, pour aider le site internet \u00e0 analyser l\u2019utilisation du site par ses utilisateurs. Les donn\u00e9es g\u00e9n\u00e9r\u00e9es par les cookies concernant votre utilisation du site (y compris votre adresse IP) seront transmises et stock\u00e9es par Google sur des serveurs situ\u00e9s aux Etats-Unis. Google utilisera cette information dans le but d\u2019\u00e9valuer votre utilisation du site, de compiler des rapports sur l\u2019activit\u00e9 du site \u00e0 destination de son \u00e9diteur et de fournir d\u2019autres services relatifs \u00e0 l\u2019activit\u00e9 du site et \u00e0 l\u2019utilisation d\u2019Internet. Google est susceptible de communiquer ces donn\u00e9es \u00e0 des tiers en cas d\u2019obligation l\u00e9gale ou lorsque ces tiers traitent ces donn\u00e9es pour le compte de Google, y compris notamment l\u2019\u00e9diteur de ce site. Google ne recoupera pas votre adresse IP avec toute autre donn\u00e9e d\u00e9tenue par Google. Vous pouvez d\u00e9sactiver l\u2019utilisation de cookies en s\u00e9lectionnant les param\u00e8tres appropri\u00e9s de votre navigateur. Cependant, une telle d\u00e9sactivation pourrait emp\u00eacher l\u2019utilisation de certaines fonctionnalit\u00e9s de ce site. En utilisant ce site internet, vous consentez express\u00e9ment au traitement de vos donn\u00e9es nominatives par Google dans les conditions et pour les finalit\u00e9s d\u00e9crites ci-dessus.<\/p>\n<p style=\"text-align: justify;\"><strong>Les Administrateurs du site s\u2019engagent<\/strong> \u00e0 ce que la collecte et le traitement d\u2019informations personnelles soient effectu\u00e9s en application de la\u00a0<a href=\"http:\/\/www.legifrance.gouv.fr\/affichTexte.do?cidTexte=JORFTEXT000000886460\">loi n\u00b078-17 du 6 janvier 1978 relative \u00e0 l\u2019informatique, aux fichiers et aux libert\u00e9s<\/a>.\u00a0Toute information nominative comme l&rsquo;adresse de courrier \u00e9lectronique ou l&rsquo;adresse IP ne sera visible que par les administrateurs et ne sera pas exploit\u00e9e ou communiqu\u00e9e sans l&rsquo;accord de l\u2019int\u00e9ress\u00e9(e), sauf requ\u00eate judiciaire.\u00a0Conform\u00e9ment \u00e0 l\u2019<a href=\"http:\/\/www.legifrance.gouv.fr\/affichTexteArticle.do?idArticle=LEGIARTI000006528143&amp;cidTexte=LEGITEXT000006068624\">article 39 de la loi n\u00b078-17 du 6 janvier 1978 relative \u00e0 l&rsquo;informatique, aux fichiers et aux libert\u00e9s<\/a>\u00a0modif\u00e9 par l&rsquo;<a href=\"http:\/\/www.legifrance.gouv.fr\/affichTexteArticle.do?cidTexte=JORFTEXT000000886460&amp;idArticle=LEGIARTI000006528143\">article 5 de la loi n\u00b02004-801 du 7 ao\u00fbt 2004<\/a>, les lecteurs disposent d\u2019un droit d\u2019acc\u00e8s, de modification et d\u2019opposition sur les donn\u00e9es nominatives le concernant, qu&rsquo;ils peuvent exercer via le\u00a0<a href=\"\/?page_id=132\">formulaire de contact<\/a>.<\/p>\n","protected":false},"excerpt":{"rendered":"<p>Sommaire : Mentions l\u00e9gales Conditions d&rsquo;utilisation Donn\u00e9es personnelles Mentions l\u00e9gales &nbsp; VPMedias.fr et ses sous-domaines est un site \u00e9dit\u00e9 \u00e0 titre non professionnel au regard de l\u2019article 6, III, 2\u00b0 de la loi 2004-575 du 21 juin 2004 modifi\u00e9 par l&rsquo;article 28 de la loi n\u00b02010-769 du 9 juillet 2010. VPMedias.fr n\u2019est pas d\u00e9clar\u00e9 \u00e0 [&hellip;]<\/p>\n","protected":false},"author":32,"featured_media":0,"parent":0,"menu_order":0,"comment_status":"open","ping_status":"open","template":"template-fullwidth.php","meta":{"site-container-style":"default","site-container-layout":"default","site-sidebar-layout":"default","disable-article-header":"default","disable-site-header":"default","disable-site-footer":"default","disable-content-area-spacing":"default","footnotes":""},"class_list":["post-5197","page","type-page","status-publish","hentry"],"_links":{"self":[{"href":"https:\/\/vpmedias.fr\/index.php?rest_route=\/wp\/v2\/pages\/5197","targetHints":{"allow":["GET"]}}],"collection":[{"href":"https:\/\/vpmedias.fr\/index.php?rest_route=\/wp\/v2\/pages"}],"about":[{"href":"https:\/\/vpmedias.fr\/index.php?rest_route=\/wp\/v2\/types\/page"}],"author":[{"embeddable":true,"href":"https:\/\/vpmedias.fr\/index.php?rest_route=\/wp\/v2\/users\/32"}],"replies":[{"embeddable":true,"href":"https:\/\/vpmedias.fr\/index.php?rest_route=%2Fwp%2Fv2%2Fcomments&post=5197"}],"version-history":[{"count":19,"href":"https:\/\/vpmedias.fr\/index.php?rest_route=\/wp\/v2\/pages\/5197\/revisions"}],"predecessor-version":[{"id":37357,"href":"https:\/\/vpmedias.fr\/index.php?rest_route=\/wp\/v2\/pages\/5197\/revisions\/37357"}],"wp:attachment":[{"href":"https:\/\/vpmedias.fr\/index.php?rest_route=%2Fwp%2Fv2%2Fmedia&parent=5197"}],"curies":[{"name":"wp","href":"https:\/\/api.w.org\/{rel}","templated":true}]}}