{"id":5989,"date":"2011-05-23T18:49:01","date_gmt":"2011-05-23T16:49:01","guid":{"rendered":"http:\/\/vpmedias.fr\/?page_id=5989"},"modified":"2011-06-12T23:42:05","modified_gmt":"2011-06-12T21:42:05","slug":"la-publicite","status":"publish","type":"page","link":"https:\/\/vpmedias.fr\/?page_id=5989","title":{"rendered":"La publicit\u00e9"},"content":{"rendered":"<p style=\"text-align: justify;\">Si VPM\u00e9dias peut avoir beaucoup de succ\u00e8s, tous les joueurs ne sont pas forc\u00e9ment au courant de son existence. Les jeunes joueurs en particulier, \u00e0 leur arriv\u00e9e sur <a href=\"http:\/\/votezpourmoi.com\">Votez Pour Moi<\/a>, ne d\u00e9couvriront peut-\u00eatre pas tout de suite le site, alors qu&rsquo;il comprend de nombreux outils qui pourraient leur \u00eatre utiles, et qu&rsquo;il peut s&rsquo;av\u00e9rer essentiel pour s&rsquo;int\u00e9grer \u00e0 la communaut\u00e9.<\/p>\n<p style=\"text-align: justify;\">Pour que chacun puisse d\u00e9couvrir le site, nous avons besoin de vous. Pour nous aider \u00e0 le promouvoir, plusieurs options s&rsquo;offrent \u00e0 vous : arborer un avatar incluant l&rsquo;adresse du site, en parler par [abbr title=\u00a0\u00bbMessage Priv\u00e9\u00a0\u00bb]MP[\/abbr], dans vos d\u00e9bats de second tour, sur les march\u00e9s locaux, ou encore si vous \u00eates secr\u00e9taire ou porte-parole d&rsquo;un parti, mentionner son existence sur sa fiche publique. C&rsquo;est gr\u00e2ce \u00e0 la cha\u00eene humaine que nous pouvons ainsi cr\u00e9er que nous pourrons cr\u00e9er un cercle vertueux de croissance. D&rsquo;avance, merci :-)<\/p>\n<p style=\"text-align: justify;\">&nbsp;<\/p>\n<h1 style=\"text-align: justify;\">Adresses<\/h1>\n<p style=\"text-align: justify;\">Pour vous faciliter la vie, VPM\u00e9dias dispose de nombreuses adresses qui font office de raccourcis pour acc\u00e9der aux sections les plus importantes du site. Vous pouvez les utiliser de fa\u00e7on quotidienne pour gagner du temps, mais aussi les transmettre \u00e0 vos contacts afin qu&rsquo;ils fassent de m\u00eame.<\/p>\n<h2 style=\"text-align: justify;\">VPMedias.fr<\/h2>\n<p style=\"text-align: justify;\">VPM\u00e9dias, Votre Portail M\u00e9dias, le site  qui couvre Votez Pour Moi sous toutes ses coutures en r\u00e9unissant  diff\u00e9rents m\u00e9dias comme VPMinformation, VPMcommunaut\u00e9, VPM Radio, ou en  mettant \u00e0 disposition toutes sortes d&rsquo;aides dans la Bible du VPMien.<\/p>\n<h2 style=\"text-align: justify;\">tribune.VPMedias.fr<\/h2>\n<p style=\"text-align: justify;\">D\u00e9couvrez \u00e9galement la Tribune Libre, qui vous permet de vous exprimer sur VPM\u00e9dias m\u00eame sans \u00eatre journaliste.<\/p>\n<h2 style=\"text-align: justify;\">bar.VPMedias.fr<\/h2>\n<p style=\"text-align: justify;\">Vous vous sentez seuls ? Rendez-vous sur le Bar de VPM, un chan IRC, sorte de \u00ab\u00a0grand march\u00e9\u00a0\u00bb sans limitation de places, avec la possibilit\u00e9 de parler en priv\u00e9 ou encore de lancer des quizz.<\/p>\n<h2 style=\"text-align: justify;\">forum.VPMedias.fr<\/h2>\n<p style=\"text-align: justify;\">Ouvert \u00e0 tous, ce forum vous permet de nous faire part de vos remarques,  critiques, demandes, ou \u2014 soyons fous \u2014 compliments \u00e9ventuels, ainsi  que de discuter ensemble de l&rsquo;\u00e9volution du site.<\/p>\n<p style=\"text-align: justify;\">&nbsp;<\/p>\n<h1 style=\"text-align: justify;\">Votre Portail<\/h1>\n<h2 style=\"text-align: justify;\">vous.VPMedias.fr<\/h2>\n<ul style=\"text-align: justify;\">\n<li>equipe.VPMedias.fr<\/li>\n<li>contact.VPMedias.fr<\/li>\n<li>pub.VPMedias.fr<\/li>\n<\/ul>\n<h2 style=\"text-align: justify;\">bible.VPMedias.fr<\/h2>\n<ul style=\"text-align: justify;\">\n<li>guide.VPMedias.fr<\/li>\n<li>parrains.VPMedias.fr<\/li>\n<li>comptes.VPMedias.fr<\/li>\n<\/ul>\n<ul style=\"text-align: justify;\">\n<li>classementsnationaux.VPMedias.fr<\/li>\n<li>regions.VPMedias.fr<\/li>\n<li>villes.VPMedias.fr<\/li>\n<\/ul>\n<h2 style=\"text-align: justify;\">tribune.VPMedias.fr<\/h2>\n<h2 style=\"text-align: justify;\">archives.VPMedias.fr<\/h2>\n<p>&nbsp;<\/p>\n<h1 style=\"text-align: justify;\">Vos m\u00e9dias<\/h1>\n<ul style=\"text-align: justify;\">\n<li>information.VPMedias.fr<\/li>\n<li>communaute.VPMedias.fr<\/li>\n<li>radio.VPMedias.fr<\/li>\n<li>breves.VPMedias.fr<\/li>\n<\/ul>\n<h2 style=\"text-align: justify;\">L&rsquo;actualit\u00e9 des grandes villes<\/h2>\n<ul style=\"text-align: justify;\">\n<li>paris.VPMedias.fr<\/li>\n<li>bruxelles.VPMedias.fr<\/li>\n<li>marseille.VPMedias.fr<\/li>\n<li>lyon.VPMedias.fr<\/li>\n<li>toulouse.VPMedias.fr<\/li>\n<li>nice.VPMedias.fr<\/li>\n<li>nantes.VPMedias.fr<\/li>\n<li>strasbourg.VPMedias.fr<\/li>\n<li>montpellier.VPMedias.fr<\/li>\n<li>bordeaux.VPMedias.fr<\/li>\n<li>rennes.VPMedias.fr<\/li>\n<li>lehavre.VPMedias.fr<\/li>\n<li>monaco.VPMedias.fr<\/li>\n<\/ul>\n<p><img decoding=\"async\" class=\"aligncenter\" src=\"http:\/\/vpmedias.fr\/images\/logos\/vpmedias\/logofr.png\" alt=\"\" \/><\/p>\n","protected":false},"excerpt":{"rendered":"<p>Si VPM\u00e9dias peut avoir beaucoup de succ\u00e8s, tous les joueurs ne sont pas forc\u00e9ment au courant de son existence. Les jeunes joueurs en particulier, \u00e0 leur arriv\u00e9e sur Votez Pour Moi, ne d\u00e9couvriront peut-\u00eatre pas tout de suite le site, alors qu&rsquo;il comprend de nombreux outils qui pourraient leur \u00eatre utiles, et qu&rsquo;il peut s&rsquo;av\u00e9rer [&hellip;]<\/p>\n","protected":false},"author":32,"featured_media":0,"parent":108,"menu_order":0,"comment_status":"open","ping_status":"open","template":"","meta":{"site-container-style":"default","site-container-layout":"default","site-sidebar-layout":"default","disable-article-header":"default","disable-site-header":"default","disable-site-footer":"default","disable-content-area-spacing":"default","footnotes":""},"class_list":["post-5989","page","type-page","status-publish","hentry"],"_links":{"self":[{"href":"https:\/\/vpmedias.fr\/index.php?rest_route=\/wp\/v2\/pages\/5989","targetHints":{"allow":["GET"]}}],"collection":[{"href":"https:\/\/vpmedias.fr\/index.php?rest_route=\/wp\/v2\/pages"}],"about":[{"href":"https:\/\/vpmedias.fr\/index.php?rest_route=\/wp\/v2\/types\/page"}],"author":[{"embeddable":true,"href":"https:\/\/vpmedias.fr\/index.php?rest_route=\/wp\/v2\/users\/32"}],"replies":[{"embeddable":true,"href":"https:\/\/vpmedias.fr\/index.php?rest_route=%2Fwp%2Fv2%2Fcomments&post=5989"}],"version-history":[{"count":0,"href":"https:\/\/vpmedias.fr\/index.php?rest_route=\/wp\/v2\/pages\/5989\/revisions"}],"up":[{"embeddable":true,"href":"https:\/\/vpmedias.fr\/index.php?rest_route=\/wp\/v2\/pages\/108"}],"wp:attachment":[{"href":"https:\/\/vpmedias.fr\/index.php?rest_route=%2Fwp%2Fv2%2Fmedia&parent=5989"}],"curies":[{"name":"wp","href":"https:\/\/api.w.org\/{rel}","templated":true}]}}