{"id":8514,"date":"2011-10-29T09:50:10","date_gmt":"2011-10-29T07:50:10","guid":{"rendered":"http:\/\/vpmedias.fr\/?page_id=8514"},"modified":"2018-06-21T15:26:35","modified_gmt":"2018-06-21T13:26:35","slug":"comment-contribuer-a-vpmedias","status":"publish","type":"page","link":"https:\/\/vpmedias.fr\/?page_id=8514","title":{"rendered":"Comment contribuer \u00e0 VPM\u00e9dias ?"},"content":{"rendered":"<p style=\"text-align: center;\"><img loading=\"lazy\" decoding=\"async\" class=\"aligncenter\" title=\"Vpm\u00e9dias\" src=\"http:\/\/vpmedias.fr\/wp-content\/themes\/premiumnews\/thumb.php?src=images\/alaune\/vpmedias1.png&amp;w=350&amp;h=200&amp;zc=1&amp;q=90\" alt=\"\" width=\"350\" height=\"200\" \/><\/p>\n<p style=\"text-align: center;\"><em>Vous souhaitez vous exprimer ou participer \u00e0 la vie de ce site. Comment faire ?<\/em><\/p>\n<p>&nbsp;<\/p>\n<p style=\"text-align: justify;\"><span style=\"font-size: medium;\"><strong><img loading=\"lazy\" decoding=\"async\" src=\"http:\/\/vpmedias.fr\/wp-content\/themes\/premiumnews\/styles\/default\/ico-arrow.gif\" alt=\"Fl\u00e8che\" width=\"10\" height=\"10\" \/> Envoyez-nous simplement votre article, nous le publierons.<\/strong><\/span><\/p>\n<p>Tout le monde peut devenir r\u00e9dacteur d&rsquo;un jour ou de toujours en utilisant la <a href=\"http:\/\/tribune.vpmedias.fr\">Tribune Libre de VPM.<\/a> <strong>Avec d\u00e9j\u00e0 plus de 500 articles de VPMiens publi\u00e9s<\/strong>, c&rsquo;est l&rsquo;outil pour s&rsquo;exprimer en toute libert\u00e9.<\/p>\n<div class=\"bouton\">\n<p style=\"text-align: center;\"><a href=\"http:\/\/tribune.vpmedias.fr\">Envoyer un article<\/a><\/p>\n<\/div>\n<p>&nbsp;<\/p>\n<p style=\"text-align: justify;\"><span style=\"font-size: medium;\"><strong><strong><img loading=\"lazy\" decoding=\"async\" src=\"http:\/\/vpmedias.fr\/wp-content\/themes\/premiumnews\/styles\/default\/ico-arrow.gif\" alt=\"Fl\u00e8che\" width=\"10\" height=\"10\" \/> <\/strong>Devenez journaliste, rejoignez l&rsquo;\u00e9quipe de la r\u00e9dac !<br \/>\n<\/strong><\/span><\/p>\n<p style=\"text-align: justify;\">Int\u00e9grez l&rsquo;\u00e9quipe officielle, acc\u00e9dez aux outils de l&rsquo;espace de r\u00e9daction et prenez en main la publication.<\/p>\n<div class=\"bouton\">\n<p style=\"text-align: center;\"><a href=\"http:\/\/vpmedias.fr\/?page_id=35029\">Envoyer une candidature<\/a><\/p>\n<p style=\"text-align: center;\">\n<\/div>\n<hr \/>\n<p style=\"text-align: justify;\"><span style=\"font-size: medium;\"><strong><strong><strong><img loading=\"lazy\" decoding=\"async\" src=\"http:\/\/vpmedias.fr\/wp-content\/themes\/premiumnews\/styles\/default\/ico-arrow.gif\" alt=\"Fl\u00e8che\" width=\"10\" height=\"10\" \/> <\/strong><\/strong>Pourquoi \u00e9crire sur VPM\u00e9dias ?\u00a0<\/strong><\/span><\/p>\n<ul>\n<li>Ouvert \u00e0 tous ceux qui aiment l&rsquo;info, l&rsquo;\u00e9criture et VPM<\/li>\n<li>Un lieu de rendez-vous pour VotezPourMoi et sa communaut\u00e9 depuis 2009<\/li>\n<li>Une belle \u00e9quipe !<\/li>\n<\/ul>\n<p>Que vous aimiez l&rsquo;\u00e9criture, le journalisme, ou que vous ayez simplement envie de participer, n&rsquo;h\u00e9sitez pas \u00e0 franchir le pas. En chacun de vous se cache peut-\u00eatre<strong> une plume brillante qui ne demande qu&rsquo;\u00e0 \u00eatre r\u00e9v\u00e9l\u00e9e. <\/strong><a href=\"http:\/\/vpmedias.fr\/?page_id=108\" target=\"_blank\" rel=\"noopener noreferrer\">En savoir plus sur VPM\u00e9dias.<\/a><\/p>\n<p style=\"text-align: justify;\"><span style=\"font-size: medium;\"><strong><img loading=\"lazy\" decoding=\"async\" src=\"http:\/\/vpmedias.fr\/wp-content\/themes\/premiumnews\/styles\/default\/ico-arrow.gif\" alt=\"Fl\u00e8che\" width=\"10\" height=\"10\" \/>\u00a0Comment nous soutenir, tout simplement ?<\/strong><\/span><\/p>\n<p style=\"text-align: justify;\"><span style=\"color: #000000;\"> A tout moment, n&rsquo;h\u00e9sitez pas \u00e0 lire, noter, et <strong>commenter <\/strong>nos articles : en faisant cela, vous enrichissez le <strong>dynamisme de VPM\u00e9dias<\/strong>, et vous nous encouragez \u00e0 continuer ! Et vous pouvez aussi <a href=\"http:\/\/vpmedias.fr\/?page_id=5989\" target=\"_blank\" rel=\"noopener noreferrer\">nous faire de la pub<\/a>.<strong><br \/>\n<\/strong><\/span><\/p>\n","protected":false},"excerpt":{"rendered":"<p>Vous souhaitez vous exprimer ou participer \u00e0 la vie de ce site. Comment faire ? &nbsp; Envoyez-nous simplement votre article, nous le publierons. Tout le monde peut devenir r\u00e9dacteur d&rsquo;un jour ou de toujours en utilisant la Tribune Libre de VPM. Avec d\u00e9j\u00e0 plus de 500 articles de VPMiens publi\u00e9s, c&rsquo;est l&rsquo;outil pour s&rsquo;exprimer en [&hellip;]<\/p>\n","protected":false},"author":2,"featured_media":0,"parent":108,"menu_order":5,"comment_status":"open","ping_status":"open","template":"template-fullwidth.php","meta":{"site-container-style":"default","site-container-layout":"default","site-sidebar-layout":"default","disable-article-header":"default","disable-site-header":"default","disable-site-footer":"default","disable-content-area-spacing":"default","footnotes":""},"class_list":["post-8514","page","type-page","status-publish","hentry"],"_links":{"self":[{"href":"https:\/\/vpmedias.fr\/index.php?rest_route=\/wp\/v2\/pages\/8514","targetHints":{"allow":["GET"]}}],"collection":[{"href":"https:\/\/vpmedias.fr\/index.php?rest_route=\/wp\/v2\/pages"}],"about":[{"href":"https:\/\/vpmedias.fr\/index.php?rest_route=\/wp\/v2\/types\/page"}],"author":[{"embeddable":true,"href":"https:\/\/vpmedias.fr\/index.php?rest_route=\/wp\/v2\/users\/2"}],"replies":[{"embeddable":true,"href":"https:\/\/vpmedias.fr\/index.php?rest_route=%2Fwp%2Fv2%2Fcomments&post=8514"}],"version-history":[{"count":48,"href":"https:\/\/vpmedias.fr\/index.php?rest_route=\/wp\/v2\/pages\/8514\/revisions"}],"predecessor-version":[{"id":38270,"href":"https:\/\/vpmedias.fr\/index.php?rest_route=\/wp\/v2\/pages\/8514\/revisions\/38270"}],"up":[{"embeddable":true,"href":"https:\/\/vpmedias.fr\/index.php?rest_route=\/wp\/v2\/pages\/108"}],"wp:attachment":[{"href":"https:\/\/vpmedias.fr\/index.php?rest_route=%2Fwp%2Fv2%2Fmedia&parent=8514"}],"curies":[{"name":"wp","href":"https:\/\/api.w.org\/{rel}","templated":true}]}}